{"id":4807,"date":"2019-10-21T07:42:41","date_gmt":"2019-10-21T05:42:41","guid":{"rendered":"https:\/\/saintgear.shop\/besprechungsraum\/"},"modified":"2025-12-30T22:13:34","modified_gmt":"2025-12-30T21:13:34","slug":"besprechungsraum","status":"publish","type":"page","link":"https:\/\/saintgear.shop\/de\/besprechungsraum\/","title":{"rendered":"Besprechungsraum"},"content":{"rendered":"<div class=\"wpb-content-wrapper\"><p>[vc_row content_placement=&#8220;middle&#8220; min_height=&#8220;800&#8243; el_id=&#8220;banner_about&#8220; el_class=&#8220;briefing_bg&#8220;][vc_column el_class=&#8220;center_fix&#8220;][vc_row_inner][vc_column_inner][vc_column_text css=&#8220;&#8220;]<\/p>\n<h1>Willkommen im Briefing Room<\/h1>\n<p>[\/vc_column_text][vc_column_text css=&#8220;&#8220;]<a href=\"#1\">UNSER PROTOKOLL<\/a> <a href=\"#2\">DIE MISSION<\/a> [\/vc_column_text][\/vc_column_inner][\/vc_row_inner][\/vc_column][\/vc_row][vc_row css=&#8220;.vc_custom_1747688304840{background-color: #000000 !important;}&#8220;][vc_column][vc_column_text css=&#8220;&#8220; el_class=&#8220;padding-bottom-40&#8243;]<\/p>\n<p style=\"text-align: center;\">Hier werden Absichten getestet, Missionen definiert und Rollen gekl\u00e4rt.<\/p>\n<p>[\/vc_column_text][\/vc_column][\/vc_row][vc_row][vc_column][vc_single_image image=&#8220;4314&#8243; img_size=&#8220;full&#8220; alignment=&#8220;center&#8220; css=&#8220;&#8220; el_class=&#8220;margin-bottom-30&#8243; el_id=&#8220;1&#8243;][vc_single_image image=&#8220;4316&#8243; img_size=&#8220;full&#8220; alignment=&#8220;center&#8220; css=&#8220;&#8220; el_class=&#8220;margin-bottom-30&#8243; el_id=&#8220;2&#8243;][\/vc_column][\/vc_row][vc_row disable_element=&#8220;yes&#8220; el_class=&#8220;rough_edge_top rough_edge_bottom briefing_bg&#8220; css=&#8220;.vc_custom_1747687771598{background-color: #FFFFFF !important;}&#8220;][vc_column][vc_row_inner el_class=&#8220;padding-bottom-100 padding-top-100&#8243;][vc_column_inner][vc_column_text css=&#8220;&#8220; el_class=&#8220;padding-bottom-10&#8243;]<\/p>\n<h2><span style=\"color: #000000;\">DIE MISSION<\/span><\/h2>\n<p>[\/vc_column_text][vc_column_text css=&#8220;&#8220;]<span style=\"color: #000000;\">Die Welt wird immer dunkler. Lauter. Chaotischer.  <\/span><br \/>\n<span style=\"color: #000000;\">Und in Zeiten wie diesen braucht es nicht noch mehr L\u00e4rm, sondern Menschen, die f\u00fcr Ordnung sorgen, die aufstehen. Die f\u00fcr das Richtige einstehen, auch wenn es schwer f\u00e4llt. <\/span><\/p>\n<p><span style=\"color: #000000;\">Wir nennen sie Heilige.<\/span><\/p>\n<p><span style=\"color: #000000;\">Nicht Heilige in wei\u00dfen Gew\u00e4ndern, die Lieder des Friedens singen. Sondern Krieger &#8211; geschmiedet in Disziplin, bewegt vom Gewissen. Heilige sind diejenigen, die die Linie halten, wenn alles andere zusammenbricht. Sie sind das Licht in der Dunkelheit. Die helfende Hand. Der letzte Schild. Sie reden nicht nur \u00fcber das Gute &#8211; sie k\u00e4mpfen daf\u00fcr.      <\/span><\/p>\n<p><span style=\"color: #000000;\">Aber selbst der st\u00e4rkste Krieger ist nichts ohne die richtige Ausr\u00fcstung.<\/span><br \/>\n<span style=\"color: #000000;\">Und genau da kommen wir ins Spiel. Wir sind die modernen Waffenschmiede &#8211; wir r\u00fcsten diejenigen aus, die nicht tatenlos zusehen wollen. Diejenigen, die trainieren. Die sich vorbereiten. Die das Gewicht der Verantwortung und den Willen zum Handeln tragen.    <\/span><\/p>\n<p><span style=\"color: #000000;\">Wir glauben, dass St\u00e4rke im Inneren beginnt:<\/span><br \/>\n<span style=\"color: #000000;\">Mit Glauben. Mit Haltung. Mit Mut.  <\/span><br \/>\n<span style=\"color: #000000;\">Aber manchmal braucht es auch die richtige Waffe. Das richtige Werkzeug. Die richtige Kante.  <\/span>[\/vc_column_text][\/vc_column_inner][\/vc_row_inner][\/vc_column][\/vc_row]<\/p>\n<\/div>","protected":false},"excerpt":{"rendered":"<p>[vc_row content_placement=&#8220;middle&#8220; min_height=&#8220;800&#8243; el_id=&#8220;banner_about&#8220; el_class=&#8220;briefing_bg&#8220;][vc_column el_class=&#8220;center_fix&#8220;][vc_row_inner][vc_column_inner][vc_column_text css=&#8220;&#8220;] Willkommen im Briefing Room [\/vc_column_text][vc_column_text css=&#8220;&#8220;]UNSER PROTOKOLL DIE MISSION [\/vc_column_text][\/vc_column_inner][\/vc_row_inner][\/vc_column][\/vc_row][vc_row css=&#8220;.vc_custom_1747688304840{background-color: #000000 !important;}&#8220;][vc_column][vc_column_text css=&#8220;&#8220; el_class=&#8220;padding-bottom-40&#8243;] Hier werden Absichten getestet, Missionen definiert und Rollen gekl\u00e4rt. [\/vc_column_text][\/vc_column][\/vc_row][vc_row][vc_column][vc_single_image image=&#8220;4314&#8243; img_size=&#8220;full&#8220; alignment=&#8220;center&#8220; css=&#8220;&#8220; el_class=&#8220;margin-bottom-30&#8243; el_id=&#8220;1&#8243;][vc_single_image image=&#8220;4316&#8243; img_size=&#8220;full&#8220; alignment=&#8220;center&#8220; css=&#8220;&#8220; el_class=&#8220;margin-bottom-30&#8243; el_id=&#8220;2&#8243;][\/vc_column][\/vc_row][vc_row disable_element=&#8220;yes&#8220; el_class=&#8220;rough_edge_top rough_edge_bottom briefing_bg&#8220; css=&#8220;.vc_custom_1747687771598{background-color: #FFFFFF !important;}&#8220;][vc_column][vc_row_inner el_class=&#8220;padding-bottom-100 padding-top-100&#8243;][vc_column_inner][vc_column_text css=&#8220;&#8220; el_class=&#8220;padding-bottom-10&#8243;] [&hellip;]<\/p>\n","protected":false},"author":1,"featured_media":0,"parent":0,"menu_order":0,"comment_status":"closed","ping_status":"closed","template":"page-visual-composer.php","meta":{"_acf_changed":false,"footnotes":""},"class_list":["post-4807","page","type-page","status-publish","hentry"],"acf":[],"yoast_head":"<!-- This site is optimized with the Yoast SEO plugin v27.5 - https:\/\/yoast.com\/product\/yoast-seo-wordpress\/ -->\n<title>Briefing Room - SAINT GEAR - Erfahren Sie mehr \u00fcber Ihre Mission<\/title>\n<meta name=\"description\" content=\"Dies ist der SAINT GEAR Besprechungsraum. Hier werden wir Ihnen etwas \u00fcber uns und Ihren Auftrag erz\u00e4hlen,\" \/>\n<meta name=\"robots\" content=\"index, follow, max-snippet:-1, max-image-preview:large, max-video-preview:-1\" \/>\n<link rel=\"canonical\" href=\"https:\/\/saintgear.shop\/de\/besprechungsraum\/\" \/>\n<meta property=\"og:locale\" content=\"de_DE\" \/>\n<meta property=\"og:type\" content=\"article\" \/>\n<meta property=\"og:title\" content=\"Briefing Room - SAINT GEAR - Erfahren Sie mehr \u00fcber Ihre Mission\" \/>\n<meta property=\"og:description\" content=\"Dies ist der SAINT GEAR Besprechungsraum. Hier werden wir Ihnen etwas \u00fcber uns und Ihren Auftrag erz\u00e4hlen,\" \/>\n<meta property=\"og:url\" content=\"https:\/\/saintgear.shop\/de\/besprechungsraum\/\" \/>\n<meta property=\"og:site_name\" content=\"SAINT GEAR\" \/>\n<meta property=\"article:modified_time\" content=\"2025-12-30T21:13:34+00:00\" \/>\n<meta property=\"og:image\" content=\"https:\/\/saintgear.shop\/wp-content\/uploads\/2025\/09\/saint-gear_website-logo.jpg\" \/>\n\t<meta property=\"og:image:width\" content=\"1200\" \/>\n\t<meta property=\"og:image:height\" content=\"675\" \/>\n\t<meta property=\"og:image:type\" content=\"image\/jpeg\" \/>\n<meta name=\"twitter:card\" content=\"summary_large_image\" \/>\n<script type=\"application\/ld+json\" class=\"yoast-schema-graph\">{\"@context\":\"https:\\\/\\\/schema.org\",\"@graph\":[{\"@type\":\"WebPage\",\"@id\":\"https:\\\/\\\/saintgear.shop\\\/de\\\/besprechungsraum\\\/\",\"url\":\"https:\\\/\\\/saintgear.shop\\\/de\\\/besprechungsraum\\\/\",\"name\":\"Briefing Room - SAINT GEAR - Erfahren Sie mehr \u00fcber Ihre Mission\",\"isPartOf\":{\"@id\":\"https:\\\/\\\/saintgear.shop\\\/de\\\/#website\"},\"datePublished\":\"2019-10-21T05:42:41+00:00\",\"dateModified\":\"2025-12-30T21:13:34+00:00\",\"description\":\"Dies ist der SAINT GEAR Besprechungsraum. Hier werden wir Ihnen etwas \u00fcber uns und Ihren Auftrag erz\u00e4hlen,\",\"breadcrumb\":{\"@id\":\"https:\\\/\\\/saintgear.shop\\\/de\\\/besprechungsraum\\\/#breadcrumb\"},\"inLanguage\":\"de\",\"potentialAction\":[{\"@type\":\"ReadAction\",\"target\":[\"https:\\\/\\\/saintgear.shop\\\/de\\\/besprechungsraum\\\/\"]}]},{\"@type\":\"BreadcrumbList\",\"@id\":\"https:\\\/\\\/saintgear.shop\\\/de\\\/besprechungsraum\\\/#breadcrumb\",\"itemListElement\":[{\"@type\":\"ListItem\",\"position\":1,\"name\":\"Home\",\"item\":\"https:\\\/\\\/saintgear.shop\\\/de\\\/home\\\/\"},{\"@type\":\"ListItem\",\"position\":2,\"name\":\"Besprechungsraum\"}]},{\"@type\":\"WebSite\",\"@id\":\"https:\\\/\\\/saintgear.shop\\\/de\\\/#website\",\"url\":\"https:\\\/\\\/saintgear.shop\\\/de\\\/\",\"name\":\"SAINT GEAR\",\"description\":\"EQUIPPED FOR THE MISSION\",\"publisher\":{\"@id\":\"https:\\\/\\\/saintgear.shop\\\/de\\\/#organization\"},\"potentialAction\":[{\"@type\":\"SearchAction\",\"target\":{\"@type\":\"EntryPoint\",\"urlTemplate\":\"https:\\\/\\\/saintgear.shop\\\/de\\\/?s={search_term_string}\"},\"query-input\":{\"@type\":\"PropertyValueSpecification\",\"valueRequired\":true,\"valueName\":\"search_term_string\"}}],\"inLanguage\":\"de\"},{\"@type\":\"Organization\",\"@id\":\"https:\\\/\\\/saintgear.shop\\\/de\\\/#organization\",\"name\":\"SAINT GEAR\",\"url\":\"https:\\\/\\\/saintgear.shop\\\/de\\\/\",\"logo\":{\"@type\":\"ImageObject\",\"inLanguage\":\"de\",\"@id\":\"https:\\\/\\\/saintgear.shop\\\/de\\\/#\\\/schema\\\/logo\\\/image\\\/\",\"url\":\"https:\\\/\\\/saintgear.shop\\\/wp-content\\\/uploads\\\/2025\\\/09\\\/saint-gear_website-logo_small.jpg\",\"contentUrl\":\"https:\\\/\\\/saintgear.shop\\\/wp-content\\\/uploads\\\/2025\\\/09\\\/saint-gear_website-logo_small.jpg\",\"width\":696,\"height\":696,\"caption\":\"SAINT GEAR\"},\"image\":{\"@id\":\"https:\\\/\\\/saintgear.shop\\\/de\\\/#\\\/schema\\\/logo\\\/image\\\/\"}}]}<\/script>\n<!-- \/ Yoast SEO plugin. -->","yoast_head_json":{"title":"Briefing Room - SAINT GEAR - Erfahren Sie mehr \u00fcber Ihre Mission","description":"Dies ist der SAINT GEAR Besprechungsraum. Hier werden wir Ihnen etwas \u00fcber uns und Ihren Auftrag erz\u00e4hlen,","robots":{"index":"index","follow":"follow","max-snippet":"max-snippet:-1","max-image-preview":"max-image-preview:large","max-video-preview":"max-video-preview:-1"},"canonical":"https:\/\/saintgear.shop\/de\/besprechungsraum\/","og_locale":"de_DE","og_type":"article","og_title":"Briefing Room - SAINT GEAR - Erfahren Sie mehr \u00fcber Ihre Mission","og_description":"Dies ist der SAINT GEAR Besprechungsraum. Hier werden wir Ihnen etwas \u00fcber uns und Ihren Auftrag erz\u00e4hlen,","og_url":"https:\/\/saintgear.shop\/de\/besprechungsraum\/","og_site_name":"SAINT GEAR","article_modified_time":"2025-12-30T21:13:34+00:00","og_image":[{"width":1200,"height":675,"url":"https:\/\/saintgear.shop\/wp-content\/uploads\/2025\/09\/saint-gear_website-logo.jpg","type":"image\/jpeg"}],"twitter_card":"summary_large_image","schema":{"@context":"https:\/\/schema.org","@graph":[{"@type":"WebPage","@id":"https:\/\/saintgear.shop\/de\/besprechungsraum\/","url":"https:\/\/saintgear.shop\/de\/besprechungsraum\/","name":"Briefing Room - SAINT GEAR - Erfahren Sie mehr \u00fcber Ihre Mission","isPartOf":{"@id":"https:\/\/saintgear.shop\/de\/#website"},"datePublished":"2019-10-21T05:42:41+00:00","dateModified":"2025-12-30T21:13:34+00:00","description":"Dies ist der SAINT GEAR Besprechungsraum. Hier werden wir Ihnen etwas \u00fcber uns und Ihren Auftrag erz\u00e4hlen,","breadcrumb":{"@id":"https:\/\/saintgear.shop\/de\/besprechungsraum\/#breadcrumb"},"inLanguage":"de","potentialAction":[{"@type":"ReadAction","target":["https:\/\/saintgear.shop\/de\/besprechungsraum\/"]}]},{"@type":"BreadcrumbList","@id":"https:\/\/saintgear.shop\/de\/besprechungsraum\/#breadcrumb","itemListElement":[{"@type":"ListItem","position":1,"name":"Home","item":"https:\/\/saintgear.shop\/de\/home\/"},{"@type":"ListItem","position":2,"name":"Besprechungsraum"}]},{"@type":"WebSite","@id":"https:\/\/saintgear.shop\/de\/#website","url":"https:\/\/saintgear.shop\/de\/","name":"SAINT GEAR","description":"EQUIPPED FOR THE MISSION","publisher":{"@id":"https:\/\/saintgear.shop\/de\/#organization"},"potentialAction":[{"@type":"SearchAction","target":{"@type":"EntryPoint","urlTemplate":"https:\/\/saintgear.shop\/de\/?s={search_term_string}"},"query-input":{"@type":"PropertyValueSpecification","valueRequired":true,"valueName":"search_term_string"}}],"inLanguage":"de"},{"@type":"Organization","@id":"https:\/\/saintgear.shop\/de\/#organization","name":"SAINT GEAR","url":"https:\/\/saintgear.shop\/de\/","logo":{"@type":"ImageObject","inLanguage":"de","@id":"https:\/\/saintgear.shop\/de\/#\/schema\/logo\/image\/","url":"https:\/\/saintgear.shop\/wp-content\/uploads\/2025\/09\/saint-gear_website-logo_small.jpg","contentUrl":"https:\/\/saintgear.shop\/wp-content\/uploads\/2025\/09\/saint-gear_website-logo_small.jpg","width":696,"height":696,"caption":"SAINT GEAR"},"image":{"@id":"https:\/\/saintgear.shop\/de\/#\/schema\/logo\/image\/"}}]}},"_links":{"self":[{"href":"https:\/\/saintgear.shop\/de\/wp-json\/wp\/v2\/pages\/4807","targetHints":{"allow":["GET"]}}],"collection":[{"href":"https:\/\/saintgear.shop\/de\/wp-json\/wp\/v2\/pages"}],"about":[{"href":"https:\/\/saintgear.shop\/de\/wp-json\/wp\/v2\/types\/page"}],"author":[{"embeddable":true,"href":"https:\/\/saintgear.shop\/de\/wp-json\/wp\/v2\/users\/1"}],"replies":[{"embeddable":true,"href":"https:\/\/saintgear.shop\/de\/wp-json\/wp\/v2\/comments?post=4807"}],"version-history":[{"count":27,"href":"https:\/\/saintgear.shop\/de\/wp-json\/wp\/v2\/pages\/4807\/revisions"}],"predecessor-version":[{"id":4929,"href":"https:\/\/saintgear.shop\/de\/wp-json\/wp\/v2\/pages\/4807\/revisions\/4929"}],"wp:attachment":[{"href":"https:\/\/saintgear.shop\/de\/wp-json\/wp\/v2\/media?parent=4807"}],"curies":[{"name":"wp","href":"https:\/\/api.w.org\/{rel}","templated":true}]}}