{"id":4803,"date":"2019-10-21T07:26:07","date_gmt":"2019-10-21T05:26:07","guid":{"rendered":"https:\/\/saintgear.shop\/kontakt\/"},"modified":"2025-12-30T16:12:41","modified_gmt":"2025-12-30T15:12:41","slug":"kontakt","status":"publish","type":"page","link":"https:\/\/saintgear.shop\/de\/kontakt\/","title":{"rendered":"Kontakt"},"content":{"rendered":"<div class=\"wpb-content-wrapper\"><p>[vc_row fullwidth=&#8220;1&#8243; el_class=&#8220;gray&#8220;][vc_column][vc_goo_maps location=&#8220;Bremen, Emil-Sommer-Stra\u00dfe 7&#8243; height=&#8220;300&#8243; zoom=&#8220;15&#8243; type=&#8220;k&#8220; css=&#8220;&#8220;][\/vc_column][\/vc_row][vc_row el_class=&#8220;margin-top-30&#8243;][vc_column width=&#8220;2\/3&#8243; el_class=&#8220;padding-right-30 padding-side-mobile-0&#8243;][vc_column_text css=&#8220;&#8220;]<\/p>\n<address>Emil-Sommer-Stra\u00dfe 7 &#8211; 28329 Bremen &#8211; Deutschland<br \/>\nE-Mail: mail@saintgear.shop<br \/>\nTelefon: +49 421 84819552<\/address>\n<p>[\/vc_column_text][vc_separator style=&#8220;dotted&#8220; css=&#8220;&#8220; el_class=&#8220;margin-top-20&#8243;]<div class=\"nasa-title clearfix hr-type-none\"><h2 class=\"nasa-heading-title\"><span class=\"nasa-title-wrap\"><span style=\"background: #00000000;\">NACHRICHT SENDEN<\/span><\/span><\/h2><\/div>[vc_column_text css=&#8220;&#8220;]<\/p>\n<p data-start=\"0\" data-end=\"116\"><strong>Sie haben eine Frage? Brauchen Sie Hilfe? <\/strong><br data-start=\"49\" data-end=\"52\" \/>Senden Sie uns eine Nachricht &#8211; wir werden uns so schnell wie m\u00f6glich bei Ihnen melden.<\/p>\n<p>[\/vc_column_text][vc_row_inner el_class=&#8220;padding-top-30&#8243;][vc_column_inner]<div class=\"wpforms-container wpforms-render-modern\" id=\"wpforms-3743\"><form id=\"wpforms-form-3743\" class=\"wpforms-validate wpforms-form wpforms-ajax-form\" data-formid=\"3743\" method=\"post\" enctype=\"multipart\/form-data\" action=\"\/de\/wp-json\/wp\/v2\/pages\/4803\" data-token=\"414bfddc3eb8c64867fdc7d4cf076fc3\" data-token-time=\"1777747480\"><noscript class=\"wpforms-error-noscript\">Bitte aktiviere JavaScript in deinem Browser, um dieses Formular fertigzustellen.<\/noscript><div id=\"wpforms-error-noscript\" style=\"display: none;\">Bitte aktiviere JavaScript in deinem Browser, um dieses Formular fertigzustellen.<\/div><div class=\"wpforms-field-container\"><div id=\"wpforms-3743-field_1-container\" class=\"wpforms-field wpforms-field-name\" data-field-id=\"1\"><label class=\"wpforms-field-label\" for=\"wpforms-3743-field_1\">Name <span class=\"wpforms-required-label\" aria-hidden=\"true\">*<\/span><\/label><input type=\"text\" id=\"wpforms-3743-field_1\" class=\"wpforms-field-large wpforms-field-required\" name=\"wpforms[fields][1]\" aria-errormessage=\"wpforms-3743-field_1-error\" required><\/div><div id=\"wpforms-3743-field_2-container\" class=\"wpforms-field wpforms-field-email\" data-field-id=\"2\"><label class=\"wpforms-field-label\" for=\"wpforms-3743-field_2\">E-Mail <span class=\"wpforms-required-label\" aria-hidden=\"true\">*<\/span><\/label><input type=\"email\" id=\"wpforms-3743-field_2\" class=\"wpforms-field-large wpforms-field-required\" name=\"wpforms[fields][2]\" spellcheck=\"false\" aria-errormessage=\"wpforms-3743-field_2-error\" required><\/div>\t\t<div id=\"wpforms-3743-field_4-container\"\n\t\t\tclass=\"wpforms-field wpforms-field-text\"\n\t\t\tdata-field-type=\"text\"\n\t\t\tdata-field-id=\"4\"\n\t\t\t>\n\t\t\t<label class=\"wpforms-field-label\" for=\"wpforms-3743-field_4\" >Name Nachricht E-Mail<\/label>\n\t\t\t<input type=\"text\" id=\"wpforms-3743-field_4\" class=\"wpforms-field-medium\" name=\"wpforms[fields][4]\" >\n\t\t<\/div>\n\t\t<div id=\"wpforms-3743-field_3-container\" class=\"wpforms-field wpforms-field-textarea\" data-field-id=\"3\"><label class=\"wpforms-field-label\" for=\"wpforms-3743-field_3\">Nachricht<\/label><textarea id=\"wpforms-3743-field_3\" class=\"wpforms-field-medium\" name=\"wpforms[fields][3]\" aria-errormessage=\"wpforms-3743-field_3-error\" ><\/textarea><\/div><script>\n\t\t\t\t( function() {\n\t\t\t\t\tconst style = document.createElement( 'style' );\n\t\t\t\t\tstyle.appendChild( document.createTextNode( '#wpforms-3743-field_4-container { position: absolute !important; overflow: hidden !important; display: inline !important; height: 1px !important; width: 1px !important; z-index: -1000 !important; padding: 0 !important; } #wpforms-3743-field_4-container input { visibility: hidden; } #wpforms-conversational-form-page #wpforms-3743-field_4-container label { counter-increment: none; }' ) );\n\t\t\t\t\tdocument.head.appendChild( style );\n\t\t\t\t\tdocument.currentScript?.remove();\n\t\t\t\t} )();\n\t\t\t<\/script><\/div><!-- .wpforms-field-container --><div class=\"wpforms-recaptcha-container wpforms-is-recaptcha wpforms-is-recaptcha-type-invisible\" ><div class=\"g-recaptcha\" data-sitekey=\"6LfGtUorAAAAAMJ-04b25A12mMYLdamdj6MehHLQ\" data-size=\"invisible\"><\/div><\/div><div class=\"wpforms-submit-container\" ><input type=\"hidden\" name=\"wpforms[id]\" value=\"3743\"><input type=\"hidden\" name=\"page_title\" value=\"\"><input type=\"hidden\" name=\"page_url\" value=\"https:\/\/saintgear.shop\/de\/wp-json\/wp\/v2\/pages\/4803\"><input type=\"hidden\" name=\"url_referer\" value=\"\"><button type=\"submit\" name=\"wpforms[submit]\" id=\"wpforms-submit-3743\" class=\"wpforms-submit\" data-alt-text=\"Senden ...\" data-submit-text=\"Senden Sie\" aria-live=\"assertive\" value=\"wpforms-submit\">Senden Sie<\/button><img loading=\"lazy\" decoding=\"async\" src=\"https:\/\/saintgear.shop\/wp-content\/plugins\/wpforms-lite\/assets\/images\/submit-spin.svg\" class=\"wpforms-submit-spinner\" style=\"display: none;\" width=\"26\" height=\"26\" alt=\"Wird geladen\"><\/div><\/form><\/div>  <!-- .wpforms-container -->[\/vc_column_inner][\/vc_row_inner][\/vc_column][vc_column width=&#8220;1\/3&#8243; el_class=&#8220;mobile-margin-top-30&#8243;][vc_column_text css=&#8220;.vc_custom_1758392920718{padding-top: 20px !important;padding-right: 20px !important;padding-bottom: 20px !important;padding-left: 20px !important;background: #FFFFFF url(https:\/\/saintgear.shop\/wp-content\/uploads\/2025\/05\/briefing_tac_bg-scaled.webp?id=3789) !important;}&#8220; el_class=&#8220;margin-bottom-50 mobile-margin-bottom-20 padding-20&#8243;]<\/p>\n<h4 style=\"font-weight: 900;\"><span style=\"color: #000000;\">KARRIERE<\/span><\/h4>\n<p style=\"font-size: 15px;\"><span style=\"color: #000000;\">Wenn Sie an einer Besch\u00e4ftigung bei SAINT GEAR interessiert sind, senden Sie uns bitte eine E-Mail: <strong><a href=\"mailto:mail@saintgear.shop\">mail@saintgear.shop<\/a><\/strong><\/span><\/p>\n<p>[\/vc_column_text][vc_column_text css=&#8220;&#8220; el_class=&#8220;margin-top-15&#8243;]<\/p>\n<h5 class=\"mobile-margin-top-30\" style=\"font-weight: 900;\">Betriebszeiten<\/h5>\n<table style=\"font-size: 15px; font-weight: 600;\">\n<tbody>\n<tr>\n<td>Montag:<\/td>\n<td class=\"text-right\">900 &#8211; 1700<\/td>\n<\/tr>\n<tr>\n<td>Dienstag:<\/td>\n<td class=\"text-right\">900 &#8211; 1700<\/td>\n<\/tr>\n<tr>\n<td>Mittwoch:<\/td>\n<td class=\"text-right\">900 &#8211; 1700<\/td>\n<\/tr>\n<tr>\n<td>Donnerstag:<\/td>\n<td class=\"text-right\">900 &#8211; 1700<\/td>\n<\/tr>\n<tr>\n<td>Freitag:<\/td>\n<td class=\"text-right\">900 &#8211; 1400<\/td>\n<\/tr>\n<tr>\n<td>Samstag:<\/td>\n<td class=\"text-right\">Geschlossen<\/td>\n<\/tr>\n<tr>\n<td>Sonntag:<\/td>\n<td class=\"text-right\">Geschlossen<\/td>\n<\/tr>\n<\/tbody>\n<\/table>\n<p>[\/vc_column_text][\/vc_column][\/vc_row]<\/p>\n<\/div>","protected":false},"excerpt":{"rendered":"<p>[vc_row fullwidth=&#8220;1&#8243; el_class=&#8220;gray&#8220;][vc_column][vc_goo_maps location=&#8220;Bremen, Emil-Sommer-Stra\u00dfe 7&#8243; height=&#8220;300&#8243; zoom=&#8220;15&#8243; type=&#8220;k&#8220; css=&#8220;&#8220;][\/vc_column][\/vc_row][vc_row el_class=&#8220;margin-top-30&#8243;][vc_column width=&#8220;2\/3&#8243; el_class=&#8220;padding-right-30 padding-side-mobile-0&#8243;][vc_column_text css=&#8220;&#8220;] Emil-Sommer-Stra\u00dfe 7 &#8211; 28329 Bremen &#8211; Deutschland E-Mail: mail@saintgear.shop Telefon: +49 421 84819552 [\/vc_column_text][vc_separator style=&#8220;dotted&#8220; css=&#8220;&#8220; el_class=&#8220;margin-top-20&#8243;][vc_column_text css=&#8220;&#8220;] Sie haben eine Frage? Brauchen Sie Hilfe? Senden Sie uns eine Nachricht &#8211; wir werden uns so schnell wie m\u00f6glich bei Ihnen [&hellip;]<\/p>\n","protected":false},"author":1,"featured_media":0,"parent":0,"menu_order":0,"comment_status":"closed","ping_status":"closed","template":"page-visual-composer.php","meta":{"_acf_changed":false,"footnotes":""},"class_list":["post-4803","page","type-page","status-publish","hentry"],"acf":[],"yoast_head":"<!-- This site is optimized with the Yoast SEO plugin v27.5 - https:\/\/yoast.com\/product\/yoast-seo-wordpress\/ -->\n<title>Kontakt - SAINT GEAR - Lieferant f\u00fcr taktische Ausr\u00fcstung<\/title>\n<meta name=\"description\" content=\"Nehmen Sie Kontakt mit SAINT GEAR auf. Offizieller Lieferant f\u00fcr taktische Ausr\u00fcstung, milit\u00e4rische Ausr\u00fcstung und einsatzbereite Werkzeuge.\" \/>\n<meta name=\"robots\" content=\"index, follow, max-snippet:-1, max-image-preview:large, max-video-preview:-1\" \/>\n<link rel=\"canonical\" href=\"https:\/\/saintgear.shop\/de\/kontakt\/\" \/>\n<meta property=\"og:locale\" content=\"de_DE\" \/>\n<meta property=\"og:type\" content=\"article\" \/>\n<meta property=\"og:title\" content=\"Kontakt - SAINT GEAR - Lieferant f\u00fcr taktische Ausr\u00fcstung\" \/>\n<meta property=\"og:description\" content=\"Nehmen Sie Kontakt mit SAINT GEAR auf. Offizieller Lieferant f\u00fcr taktische Ausr\u00fcstung, milit\u00e4rische Ausr\u00fcstung und einsatzbereite Werkzeuge.\" \/>\n<meta property=\"og:url\" content=\"https:\/\/saintgear.shop\/de\/kontakt\/\" \/>\n<meta property=\"og:site_name\" content=\"SAINT GEAR\" \/>\n<meta property=\"article:modified_time\" content=\"2025-12-30T15:12:41+00:00\" \/>\n<meta property=\"og:image\" content=\"https:\/\/saintgear.shop\/wp-content\/uploads\/2025\/09\/saint-gear_website-logo.jpg\" \/>\n\t<meta property=\"og:image:width\" content=\"1200\" \/>\n\t<meta property=\"og:image:height\" content=\"675\" \/>\n\t<meta property=\"og:image:type\" content=\"image\/jpeg\" \/>\n<meta name=\"twitter:card\" content=\"summary_large_image\" \/>\n<script type=\"application\/ld+json\" class=\"yoast-schema-graph\">{\"@context\":\"https:\\\/\\\/schema.org\",\"@graph\":[{\"@type\":\"WebPage\",\"@id\":\"https:\\\/\\\/saintgear.shop\\\/de\\\/kontakt\\\/\",\"url\":\"https:\\\/\\\/saintgear.shop\\\/de\\\/kontakt\\\/\",\"name\":\"Kontakt - SAINT GEAR - Lieferant f\u00fcr taktische Ausr\u00fcstung\",\"isPartOf\":{\"@id\":\"https:\\\/\\\/saintgear.shop\\\/de\\\/#website\"},\"datePublished\":\"2019-10-21T05:26:07+00:00\",\"dateModified\":\"2025-12-30T15:12:41+00:00\",\"description\":\"Nehmen Sie Kontakt mit SAINT GEAR auf. Offizieller Lieferant f\u00fcr taktische Ausr\u00fcstung, milit\u00e4rische Ausr\u00fcstung und einsatzbereite Werkzeuge.\",\"breadcrumb\":{\"@id\":\"https:\\\/\\\/saintgear.shop\\\/de\\\/kontakt\\\/#breadcrumb\"},\"inLanguage\":\"de\",\"potentialAction\":[{\"@type\":\"ReadAction\",\"target\":[\"https:\\\/\\\/saintgear.shop\\\/de\\\/kontakt\\\/\"]}]},{\"@type\":\"BreadcrumbList\",\"@id\":\"https:\\\/\\\/saintgear.shop\\\/de\\\/kontakt\\\/#breadcrumb\",\"itemListElement\":[{\"@type\":\"ListItem\",\"position\":1,\"name\":\"Home\",\"item\":\"https:\\\/\\\/saintgear.shop\\\/de\\\/home\\\/\"},{\"@type\":\"ListItem\",\"position\":2,\"name\":\"Kontakt\"}]},{\"@type\":\"WebSite\",\"@id\":\"https:\\\/\\\/saintgear.shop\\\/de\\\/#website\",\"url\":\"https:\\\/\\\/saintgear.shop\\\/de\\\/\",\"name\":\"SAINT GEAR\",\"description\":\"EQUIPPED FOR THE MISSION\",\"publisher\":{\"@id\":\"https:\\\/\\\/saintgear.shop\\\/de\\\/#organization\"},\"potentialAction\":[{\"@type\":\"SearchAction\",\"target\":{\"@type\":\"EntryPoint\",\"urlTemplate\":\"https:\\\/\\\/saintgear.shop\\\/de\\\/?s={search_term_string}\"},\"query-input\":{\"@type\":\"PropertyValueSpecification\",\"valueRequired\":true,\"valueName\":\"search_term_string\"}}],\"inLanguage\":\"de\"},{\"@type\":\"Organization\",\"@id\":\"https:\\\/\\\/saintgear.shop\\\/de\\\/#organization\",\"name\":\"SAINT GEAR\",\"url\":\"https:\\\/\\\/saintgear.shop\\\/de\\\/\",\"logo\":{\"@type\":\"ImageObject\",\"inLanguage\":\"de\",\"@id\":\"https:\\\/\\\/saintgear.shop\\\/de\\\/#\\\/schema\\\/logo\\\/image\\\/\",\"url\":\"https:\\\/\\\/saintgear.shop\\\/wp-content\\\/uploads\\\/2025\\\/09\\\/saint-gear_website-logo_small.jpg\",\"contentUrl\":\"https:\\\/\\\/saintgear.shop\\\/wp-content\\\/uploads\\\/2025\\\/09\\\/saint-gear_website-logo_small.jpg\",\"width\":696,\"height\":696,\"caption\":\"SAINT GEAR\"},\"image\":{\"@id\":\"https:\\\/\\\/saintgear.shop\\\/de\\\/#\\\/schema\\\/logo\\\/image\\\/\"}}]}<\/script>\n<!-- \/ Yoast SEO plugin. -->","yoast_head_json":{"title":"Kontakt - SAINT GEAR - Lieferant f\u00fcr taktische Ausr\u00fcstung","description":"Nehmen Sie Kontakt mit SAINT GEAR auf. Offizieller Lieferant f\u00fcr taktische Ausr\u00fcstung, milit\u00e4rische Ausr\u00fcstung und einsatzbereite Werkzeuge.","robots":{"index":"index","follow":"follow","max-snippet":"max-snippet:-1","max-image-preview":"max-image-preview:large","max-video-preview":"max-video-preview:-1"},"canonical":"https:\/\/saintgear.shop\/de\/kontakt\/","og_locale":"de_DE","og_type":"article","og_title":"Kontakt - SAINT GEAR - Lieferant f\u00fcr taktische Ausr\u00fcstung","og_description":"Nehmen Sie Kontakt mit SAINT GEAR auf. Offizieller Lieferant f\u00fcr taktische Ausr\u00fcstung, milit\u00e4rische Ausr\u00fcstung und einsatzbereite Werkzeuge.","og_url":"https:\/\/saintgear.shop\/de\/kontakt\/","og_site_name":"SAINT GEAR","article_modified_time":"2025-12-30T15:12:41+00:00","og_image":[{"width":1200,"height":675,"url":"https:\/\/saintgear.shop\/wp-content\/uploads\/2025\/09\/saint-gear_website-logo.jpg","type":"image\/jpeg"}],"twitter_card":"summary_large_image","schema":{"@context":"https:\/\/schema.org","@graph":[{"@type":"WebPage","@id":"https:\/\/saintgear.shop\/de\/kontakt\/","url":"https:\/\/saintgear.shop\/de\/kontakt\/","name":"Kontakt - SAINT GEAR - Lieferant f\u00fcr taktische Ausr\u00fcstung","isPartOf":{"@id":"https:\/\/saintgear.shop\/de\/#website"},"datePublished":"2019-10-21T05:26:07+00:00","dateModified":"2025-12-30T15:12:41+00:00","description":"Nehmen Sie Kontakt mit SAINT GEAR auf. Offizieller Lieferant f\u00fcr taktische Ausr\u00fcstung, milit\u00e4rische Ausr\u00fcstung und einsatzbereite Werkzeuge.","breadcrumb":{"@id":"https:\/\/saintgear.shop\/de\/kontakt\/#breadcrumb"},"inLanguage":"de","potentialAction":[{"@type":"ReadAction","target":["https:\/\/saintgear.shop\/de\/kontakt\/"]}]},{"@type":"BreadcrumbList","@id":"https:\/\/saintgear.shop\/de\/kontakt\/#breadcrumb","itemListElement":[{"@type":"ListItem","position":1,"name":"Home","item":"https:\/\/saintgear.shop\/de\/home\/"},{"@type":"ListItem","position":2,"name":"Kontakt"}]},{"@type":"WebSite","@id":"https:\/\/saintgear.shop\/de\/#website","url":"https:\/\/saintgear.shop\/de\/","name":"SAINT GEAR","description":"EQUIPPED FOR THE MISSION","publisher":{"@id":"https:\/\/saintgear.shop\/de\/#organization"},"potentialAction":[{"@type":"SearchAction","target":{"@type":"EntryPoint","urlTemplate":"https:\/\/saintgear.shop\/de\/?s={search_term_string}"},"query-input":{"@type":"PropertyValueSpecification","valueRequired":true,"valueName":"search_term_string"}}],"inLanguage":"de"},{"@type":"Organization","@id":"https:\/\/saintgear.shop\/de\/#organization","name":"SAINT GEAR","url":"https:\/\/saintgear.shop\/de\/","logo":{"@type":"ImageObject","inLanguage":"de","@id":"https:\/\/saintgear.shop\/de\/#\/schema\/logo\/image\/","url":"https:\/\/saintgear.shop\/wp-content\/uploads\/2025\/09\/saint-gear_website-logo_small.jpg","contentUrl":"https:\/\/saintgear.shop\/wp-content\/uploads\/2025\/09\/saint-gear_website-logo_small.jpg","width":696,"height":696,"caption":"SAINT GEAR"},"image":{"@id":"https:\/\/saintgear.shop\/de\/#\/schema\/logo\/image\/"}}]}},"_links":{"self":[{"href":"https:\/\/saintgear.shop\/de\/wp-json\/wp\/v2\/pages\/4803","targetHints":{"allow":["GET"]}}],"collection":[{"href":"https:\/\/saintgear.shop\/de\/wp-json\/wp\/v2\/pages"}],"about":[{"href":"https:\/\/saintgear.shop\/de\/wp-json\/wp\/v2\/types\/page"}],"author":[{"embeddable":true,"href":"https:\/\/saintgear.shop\/de\/wp-json\/wp\/v2\/users\/1"}],"replies":[{"embeddable":true,"href":"https:\/\/saintgear.shop\/de\/wp-json\/wp\/v2\/comments?post=4803"}],"version-history":[{"count":6,"href":"https:\/\/saintgear.shop\/de\/wp-json\/wp\/v2\/pages\/4803\/revisions"}],"predecessor-version":[{"id":4848,"href":"https:\/\/saintgear.shop\/de\/wp-json\/wp\/v2\/pages\/4803\/revisions\/4848"}],"wp:attachment":[{"href":"https:\/\/saintgear.shop\/de\/wp-json\/wp\/v2\/media?parent=4803"}],"curies":[{"name":"wp","href":"https:\/\/api.w.org\/{rel}","templated":true}]}}