{"id":4800,"date":"2025-10-05T16:36:35","date_gmt":"2025-10-05T14:36:35","guid":{"rendered":"https:\/\/saintgear.shop\/versandpolitik\/"},"modified":"2025-12-30T16:09:48","modified_gmt":"2025-12-30T15:09:48","slug":"versandpolitik","status":"publish","type":"page","link":"https:\/\/saintgear.shop\/de\/versandpolitik\/","title":{"rendered":"Versandbedingungen"},"content":{"rendered":"<div class=\"wpb-content-wrapper\"><p>[vc_row][vc_column][vc_column_text css=&#8220;&#8220;]<\/p>\n<section class=\"shipping-policy\">\n<h1>Versandbedingungen<\/h1>\n<p><strong>Zuletzt aktualisiert:<\/strong> Oktober 2025<\/p>\n<h2>1. Versandbereich<\/h2>\n<p>Wir liefern derzeit in alle L\u00e4nder der Europ\u00e4ischen Union (EU). Zurzeit ist kein internationaler Versand au\u00dferhalb der EU m\u00f6glich.<\/p>\n<h2>2. Transporteure &amp; Bearbeitungszeit<\/h2>\n<ul>\n<li>Spediteure: <strong>DHL<\/strong> oder <strong>Hermes<\/strong> (je nach Zielort und Paketgr\u00f6\u00dfe).<\/li>\n<li>Bearbeitungszeit: <strong>0-1 Arbeitstage<\/strong>.<\/li>\n<li>Bestellungen, die vor <strong>14:00 Uhr (CET)<\/strong> aufgegeben werden, werden in der Regel noch am selben Tag versandt.<\/li>\n<\/ul>\n<h2>3. Lieferfrist<\/h2>\n<p>Gesch\u00e4tzte Lieferung innerhalb der EU: <strong>2-6 Werktage<\/strong> nach Versand. Die Lieferzeiten k\u00f6nnen je nach Bestimmungsort und lokalen Postbedingungen variieren.<\/p>\n<h2>4. Versandkosten<\/h2>\n<ul>\n<li><strong>4,90 \u20ac<\/strong> Pauschalpreis pro Bestellung.<\/li>\n<li><strong>Kostenloser Versand<\/strong> ab einem Bestellwert <strong>von 69,00 \u20ac<\/strong> (nach Rabatten, einschlie\u00dflich MwSt.).<\/li>\n<\/ul>\n<h2>5. Informationen zur Verfolgung<\/h2>\n<p>Nach dem Versand erhalten Sie eine E-Mail mit Ihrer Tracking-Nummer. Die Sendungsverfolgung ist \u00fcber die Website des Transportunternehmens (DHL oder Hermes) m\u00f6glich.<\/p>\n<h2>6. Verlorene oder besch\u00e4digte Pakete<\/h2>\n<p>Wenn Ihre Bestellung besch\u00e4digt ankommt oder nicht ankommt, kontaktieren Sie uns sofort unter <a href=\"mailto:mail@saintgear.shop\">mail@saintgear.shop.<\/a> Wir helfen Ihnen, das Problem mit dem Spediteur zu l\u00f6sen.<\/p>\n<h2>7. R\u00fccksendungen &amp; Versandkosten<\/h2>\n<p>Wenn Sie ein Produkt zur\u00fcckgeben, <strong>ist<\/strong> der <strong>Kunde f\u00fcr die R\u00fccksendekosten verantwortlich<\/strong>. Bitte achten Sie auf eine ordnungsgem\u00e4\u00dfe Verpackung und die R\u00fccksendung innerhalb der zul\u00e4ssigen Frist.<\/p>\n<h2>8. Kontakt<\/h2>\n<address><strong>SAINT GEAR<\/strong><br \/>\nEmil-Sommer-Stra\u00dfe 7<br \/>\n28329 Bremen<br \/>\nDeutschland<br \/>\n<strong>E-Mail:<\/strong> mail@saintgear.shop<br \/>\n<strong>Telefon:<\/strong> +49 421 84819552<\/address>\n<\/section>\n<p>[\/vc_column_text][\/vc_column][\/vc_row]<\/p>\n<\/div>","protected":false},"excerpt":{"rendered":"<p>[vc_row][vc_column][vc_column_text css=&#8220;&#8220;] Versandbedingungen Zuletzt aktualisiert: Oktober 2025 1. Versandbereich Wir liefern derzeit in alle L\u00e4nder der Europ\u00e4ischen Union (EU). Zurzeit ist kein internationaler Versand au\u00dferhalb der EU m\u00f6glich. 2. Transporteure &amp; Bearbeitungszeit Spediteure: DHL oder Hermes (je nach Zielort und Paketgr\u00f6\u00dfe). Bearbeitungszeit: 0-1 Arbeitstage. Bestellungen, die vor 14:00 Uhr (CET) aufgegeben werden, werden in der [&hellip;]<\/p>\n","protected":false},"author":1,"featured_media":0,"parent":0,"menu_order":0,"comment_status":"closed","ping_status":"closed","template":"page-wrapper.php","meta":{"_acf_changed":false,"footnotes":""},"class_list":["post-4800","page","type-page","status-publish","hentry"],"acf":[],"yoast_head":"<!-- This site is optimized with the Yoast SEO plugin v27.5 - https:\/\/yoast.com\/product\/yoast-seo-wordpress\/ -->\n<title>Versandbedingungen &#8212; SAINT GEAR<\/title>\n<meta name=\"robots\" content=\"index, follow, max-snippet:-1, max-image-preview:large, max-video-preview:-1\" \/>\n<link rel=\"canonical\" href=\"https:\/\/saintgear.shop\/de\/versandpolitik\/\" \/>\n<meta property=\"og:locale\" content=\"de_DE\" \/>\n<meta property=\"og:type\" content=\"article\" \/>\n<meta property=\"og:title\" content=\"Versandbedingungen &#8212; SAINT GEAR\" \/>\n<meta property=\"og:description\" content=\"[vc_row][vc_column][vc_column_text css=&#8220;&#8220;] Versandbedingungen Zuletzt aktualisiert: Oktober 2025 1. Versandbereich Wir liefern derzeit in alle L\u00e4nder der Europ\u00e4ischen Union (EU). Zurzeit ist kein internationaler Versand au\u00dferhalb der EU m\u00f6glich. 2. Transporteure &amp; Bearbeitungszeit Spediteure: DHL oder Hermes (je nach Zielort und Paketgr\u00f6\u00dfe). Bearbeitungszeit: 0-1 Arbeitstage. Bestellungen, die vor 14:00 Uhr (CET) aufgegeben werden, werden in der [&hellip;]\" \/>\n<meta property=\"og:url\" content=\"https:\/\/saintgear.shop\/de\/versandpolitik\/\" \/>\n<meta property=\"og:site_name\" content=\"SAINT GEAR\" \/>\n<meta property=\"article:modified_time\" content=\"2025-12-30T15:09:48+00:00\" \/>\n<meta property=\"og:image\" content=\"https:\/\/saintgear.shop\/wp-content\/uploads\/2025\/09\/saint-gear_website-logo.jpg\" \/>\n\t<meta property=\"og:image:width\" content=\"1200\" \/>\n\t<meta property=\"og:image:height\" content=\"675\" \/>\n\t<meta property=\"og:image:type\" content=\"image\/jpeg\" \/>\n<meta name=\"twitter:card\" content=\"summary_large_image\" \/>\n<script type=\"application\/ld+json\" class=\"yoast-schema-graph\">{\"@context\":\"https:\\\/\\\/schema.org\",\"@graph\":[{\"@type\":\"WebPage\",\"@id\":\"https:\\\/\\\/saintgear.shop\\\/de\\\/versandpolitik\\\/\",\"url\":\"https:\\\/\\\/saintgear.shop\\\/de\\\/versandpolitik\\\/\",\"name\":\"Versandbedingungen &#8212; SAINT GEAR\",\"isPartOf\":{\"@id\":\"https:\\\/\\\/saintgear.shop\\\/de\\\/#website\"},\"datePublished\":\"2025-10-05T14:36:35+00:00\",\"dateModified\":\"2025-12-30T15:09:48+00:00\",\"breadcrumb\":{\"@id\":\"https:\\\/\\\/saintgear.shop\\\/de\\\/versandpolitik\\\/#breadcrumb\"},\"inLanguage\":\"de\",\"potentialAction\":[{\"@type\":\"ReadAction\",\"target\":[\"https:\\\/\\\/saintgear.shop\\\/de\\\/versandpolitik\\\/\"]}]},{\"@type\":\"BreadcrumbList\",\"@id\":\"https:\\\/\\\/saintgear.shop\\\/de\\\/versandpolitik\\\/#breadcrumb\",\"itemListElement\":[{\"@type\":\"ListItem\",\"position\":1,\"name\":\"Home\",\"item\":\"https:\\\/\\\/saintgear.shop\\\/de\\\/home\\\/\"},{\"@type\":\"ListItem\",\"position\":2,\"name\":\"Versandbedingungen\"}]},{\"@type\":\"WebSite\",\"@id\":\"https:\\\/\\\/saintgear.shop\\\/de\\\/#website\",\"url\":\"https:\\\/\\\/saintgear.shop\\\/de\\\/\",\"name\":\"SAINT GEAR\",\"description\":\"EQUIPPED FOR THE MISSION\",\"publisher\":{\"@id\":\"https:\\\/\\\/saintgear.shop\\\/de\\\/#organization\"},\"potentialAction\":[{\"@type\":\"SearchAction\",\"target\":{\"@type\":\"EntryPoint\",\"urlTemplate\":\"https:\\\/\\\/saintgear.shop\\\/de\\\/?s={search_term_string}\"},\"query-input\":{\"@type\":\"PropertyValueSpecification\",\"valueRequired\":true,\"valueName\":\"search_term_string\"}}],\"inLanguage\":\"de\"},{\"@type\":\"Organization\",\"@id\":\"https:\\\/\\\/saintgear.shop\\\/de\\\/#organization\",\"name\":\"SAINT GEAR\",\"url\":\"https:\\\/\\\/saintgear.shop\\\/de\\\/\",\"logo\":{\"@type\":\"ImageObject\",\"inLanguage\":\"de\",\"@id\":\"https:\\\/\\\/saintgear.shop\\\/de\\\/#\\\/schema\\\/logo\\\/image\\\/\",\"url\":\"https:\\\/\\\/saintgear.shop\\\/wp-content\\\/uploads\\\/2025\\\/09\\\/saint-gear_website-logo_small.jpg\",\"contentUrl\":\"https:\\\/\\\/saintgear.shop\\\/wp-content\\\/uploads\\\/2025\\\/09\\\/saint-gear_website-logo_small.jpg\",\"width\":696,\"height\":696,\"caption\":\"SAINT GEAR\"},\"image\":{\"@id\":\"https:\\\/\\\/saintgear.shop\\\/de\\\/#\\\/schema\\\/logo\\\/image\\\/\"}}]}<\/script>\n<!-- \/ Yoast SEO plugin. -->","yoast_head_json":{"title":"Versandbedingungen &#8212; SAINT GEAR","robots":{"index":"index","follow":"follow","max-snippet":"max-snippet:-1","max-image-preview":"max-image-preview:large","max-video-preview":"max-video-preview:-1"},"canonical":"https:\/\/saintgear.shop\/de\/versandpolitik\/","og_locale":"de_DE","og_type":"article","og_title":"Versandbedingungen &#8212; SAINT GEAR","og_description":"[vc_row][vc_column][vc_column_text css=&#8220;&#8220;] Versandbedingungen Zuletzt aktualisiert: Oktober 2025 1. Versandbereich Wir liefern derzeit in alle L\u00e4nder der Europ\u00e4ischen Union (EU). Zurzeit ist kein internationaler Versand au\u00dferhalb der EU m\u00f6glich. 2. Transporteure &amp; Bearbeitungszeit Spediteure: DHL oder Hermes (je nach Zielort und Paketgr\u00f6\u00dfe). Bearbeitungszeit: 0-1 Arbeitstage. Bestellungen, die vor 14:00 Uhr (CET) aufgegeben werden, werden in der [&hellip;]","og_url":"https:\/\/saintgear.shop\/de\/versandpolitik\/","og_site_name":"SAINT GEAR","article_modified_time":"2025-12-30T15:09:48+00:00","og_image":[{"width":1200,"height":675,"url":"https:\/\/saintgear.shop\/wp-content\/uploads\/2025\/09\/saint-gear_website-logo.jpg","type":"image\/jpeg"}],"twitter_card":"summary_large_image","schema":{"@context":"https:\/\/schema.org","@graph":[{"@type":"WebPage","@id":"https:\/\/saintgear.shop\/de\/versandpolitik\/","url":"https:\/\/saintgear.shop\/de\/versandpolitik\/","name":"Versandbedingungen &#8212; SAINT GEAR","isPartOf":{"@id":"https:\/\/saintgear.shop\/de\/#website"},"datePublished":"2025-10-05T14:36:35+00:00","dateModified":"2025-12-30T15:09:48+00:00","breadcrumb":{"@id":"https:\/\/saintgear.shop\/de\/versandpolitik\/#breadcrumb"},"inLanguage":"de","potentialAction":[{"@type":"ReadAction","target":["https:\/\/saintgear.shop\/de\/versandpolitik\/"]}]},{"@type":"BreadcrumbList","@id":"https:\/\/saintgear.shop\/de\/versandpolitik\/#breadcrumb","itemListElement":[{"@type":"ListItem","position":1,"name":"Home","item":"https:\/\/saintgear.shop\/de\/home\/"},{"@type":"ListItem","position":2,"name":"Versandbedingungen"}]},{"@type":"WebSite","@id":"https:\/\/saintgear.shop\/de\/#website","url":"https:\/\/saintgear.shop\/de\/","name":"SAINT GEAR","description":"EQUIPPED FOR THE MISSION","publisher":{"@id":"https:\/\/saintgear.shop\/de\/#organization"},"potentialAction":[{"@type":"SearchAction","target":{"@type":"EntryPoint","urlTemplate":"https:\/\/saintgear.shop\/de\/?s={search_term_string}"},"query-input":{"@type":"PropertyValueSpecification","valueRequired":true,"valueName":"search_term_string"}}],"inLanguage":"de"},{"@type":"Organization","@id":"https:\/\/saintgear.shop\/de\/#organization","name":"SAINT GEAR","url":"https:\/\/saintgear.shop\/de\/","logo":{"@type":"ImageObject","inLanguage":"de","@id":"https:\/\/saintgear.shop\/de\/#\/schema\/logo\/image\/","url":"https:\/\/saintgear.shop\/wp-content\/uploads\/2025\/09\/saint-gear_website-logo_small.jpg","contentUrl":"https:\/\/saintgear.shop\/wp-content\/uploads\/2025\/09\/saint-gear_website-logo_small.jpg","width":696,"height":696,"caption":"SAINT GEAR"},"image":{"@id":"https:\/\/saintgear.shop\/de\/#\/schema\/logo\/image\/"}}]}},"_links":{"self":[{"href":"https:\/\/saintgear.shop\/de\/wp-json\/wp\/v2\/pages\/4800","targetHints":{"allow":["GET"]}}],"collection":[{"href":"https:\/\/saintgear.shop\/de\/wp-json\/wp\/v2\/pages"}],"about":[{"href":"https:\/\/saintgear.shop\/de\/wp-json\/wp\/v2\/types\/page"}],"author":[{"embeddable":true,"href":"https:\/\/saintgear.shop\/de\/wp-json\/wp\/v2\/users\/1"}],"replies":[{"embeddable":true,"href":"https:\/\/saintgear.shop\/de\/wp-json\/wp\/v2\/comments?post=4800"}],"version-history":[{"count":7,"href":"https:\/\/saintgear.shop\/de\/wp-json\/wp\/v2\/pages\/4800\/revisions"}],"predecessor-version":[{"id":4847,"href":"https:\/\/saintgear.shop\/de\/wp-json\/wp\/v2\/pages\/4800\/revisions\/4847"}],"wp:attachment":[{"href":"https:\/\/saintgear.shop\/de\/wp-json\/wp\/v2\/media?parent=4800"}],"curies":[{"name":"wp","href":"https:\/\/api.w.org\/{rel}","templated":true}]}}