{"id":4797,"date":"2025-08-22T10:28:21","date_gmt":"2025-08-22T08:28:21","guid":{"rendered":"https:\/\/saintgear.shop\/sonderrabatt\/"},"modified":"2025-12-30T20:27:49","modified_gmt":"2025-12-30T19:27:49","slug":"sonderrabatt","status":"publish","type":"page","link":"https:\/\/saintgear.shop\/de\/sonderrabatt\/","title":{"rendered":"Sonderrabatt"},"content":{"rendered":"<div class=\"wpb-content-wrapper\"><p>[vc_row content_placement=&#8220;middle&#8220; min_height=&#8220;800&#8243; el_id=&#8220;banner_about&#8220; css=&#8220;.vc_custom_1756333541671{background-image: url(https:\/\/saintgear.shop\/wp-content\/uploads\/2025\/08\/military-members.jpg?id=4249) !important;background-position: center !important;background-repeat: no-repeat !important;background-size: cover !important;}&#8220;][vc_column el_class=&#8220;center_fix&#8220;][vc_row_inner][vc_column_inner el_class=&#8220;text-center&#8220;][vc_column_text css=&#8220;&#8220;]<\/p>\n<h1 class=\"t-label impact-font\">Programm f\u00fcr den \u00f6ffentlichen Dienst<\/h1>\n<p>[\/vc_column_text][vc_column_text css=&#8220;&#8220;]<\/p>\n<p style=\"text-align: center;\"><i class=\"fa fa-check\" aria-hidden=\"true\"><\/i>  20% Rabatt auf alle Produkte <i class=\"fa fa-check\" aria-hidden=\"true\"><\/i> G\u00fcltig auch auf bereits reduzierte Artikel <i class=\"fa fa-check\" aria-hidden=\"true\"><\/i> Permanenter Zugang nach \u00dcberpr\u00fcfung<\/p>\n<p>[\/vc_column_text][\/vc_column_inner][\/vc_row_inner][\/vc_column][\/vc_row][vc_row fullwidth=&#8220;1&#8243; el_class=&#8220;mobile-margin-top-50 margin-top-100 mobile-margin-bottom-50 margin-bottom-100&#8243;][vc_column][vc_row_inner el_class=&#8220;max-width-900 padding-left-20 padding-right-20&#8243;][vc_column_inner][vc_column_text css=&#8220;&#8220; el_class=&#8220;padding-bottom-10 text-center&#8220;]<\/p>\n<h2>20% Rabatt f\u00fcr Mitarbeiter des \u00f6ffentlichen Dienstes<\/h2>\n<p>[\/vc_column_text][vc_column_text css=&#8220;&#8220; el_class=&#8220;text-center&#8220;]<strong><span style=\"color: #ffffff;\">Berechtigt f\u00fcr verifizierte Polizeibeamte, Feuerwehrleute, Milit\u00e4rangeh\u00f6rige, Rettungsdienste und andere anerkannte Fachleute f\u00fcr \u00f6ffentliche Sicherheit.<\/span><\/strong>[\/vc_column_text][vc_column_text css=&#8220;&#8220; el_class=&#8220;margin-top-40 margin-bottom-20 textenter &#8222;]<span style=\"color: #ffffff;\">SAINT GEAR hat es sich zur Aufgabe gemacht, erstklassige Ausr\u00fcstung sowohl f\u00fcr Profis als auch f\u00fcr Zivilisten zug\u00e4nglich zu machen. Wir haben besonderen Respekt vor denjenigen, die im \u00f6ffentlichen Dienst t\u00e4tig sind und Risiken eingehen, um Schutz, Sicherheit und Ordnung aufrechtzuerhalten &#8211; deshalb haben wir dieses Programm entwickelt. <\/span>[\/vc_column_text][vc_column_text css=&#8220;&#8220;]<\/p>\n<hr>\n<p><strong>Wie Sie sich bewerben:<\/strong><\/p>\n<ul>\n<li>F\u00fcllen Sie das Formular auf dieser Seite aus (Name + E-Mail).<\/li>\n<li>Wir werden Sie per E-Mail kontaktieren und einen Nachweis \u00fcber die Zustellung anfordern.<\/li>\n<li>Sobald Sie verifiziert sind, wird Ihr Konto aktiviert und Sie erhalten automatisch 20% Rabatt auf jede Bestellung.<\/li>\n<\/ul>\n<p>[\/vc_column_text]<div class=\"wpforms-container wpforms-render-modern\" id=\"wpforms-4236\"><form id=\"wpforms-form-4236\" class=\"wpforms-validate wpforms-form wpforms-ajax-form\" data-formid=\"4236\" method=\"post\" enctype=\"multipart\/form-data\" action=\"\/de\/wp-json\/wp\/v2\/pages\/4797\" data-token=\"22c4b28f91ad131ab96ca0ef0c2dd089\" data-token-time=\"1778597889\"><noscript class=\"wpforms-error-noscript\">Bitte aktiviere JavaScript in deinem Browser, um dieses Formular fertigzustellen.<\/noscript><div id=\"wpforms-error-noscript\" style=\"display: none;\">Bitte aktiviere JavaScript in deinem Browser, um dieses Formular fertigzustellen.<\/div><div class=\"wpforms-field-container\">\t\t<div id=\"wpforms-4236-field_3-container\"\n\t\t\tclass=\"wpforms-field wpforms-field-text\"\n\t\t\tdata-field-type=\"text\"\n\t\t\tdata-field-id=\"3\"\n\t\t\t>\n\t\t\t<label class=\"wpforms-field-label\" for=\"wpforms-4236-field_3\" >E-Mail Name<\/label>\n\t\t\t<input type=\"text\" id=\"wpforms-4236-field_3\" class=\"wpforms-field-medium\" name=\"wpforms[fields][3]\" >\n\t\t<\/div>\n\t\t<div id=\"wpforms-4236-field_1-container\" class=\"wpforms-field wpforms-field-name\" data-field-id=\"1\"><fieldset><legend class=\"wpforms-field-label\">Name <span class=\"wpforms-required-label\" aria-hidden=\"true\">*<\/span><\/legend><div class=\"wpforms-field-row wpforms-field-large\"><div class=\"wpforms-field-row-block wpforms-first wpforms-one-half\"><input type=\"text\" id=\"wpforms-4236-field_1\" class=\"wpforms-field-name-first wpforms-field-required\" name=\"wpforms[fields][1][first]\" aria-errormessage=\"wpforms-4236-field_1-error\" required><label for=\"wpforms-4236-field_1\" class=\"wpforms-field-sublabel after\">Vorname<\/label><\/div><div class=\"wpforms-field-row-block wpforms-one-half\"><input type=\"text\" id=\"wpforms-4236-field_1-last\" class=\"wpforms-field-name-last wpforms-field-required\" name=\"wpforms[fields][1][last]\" aria-errormessage=\"wpforms-4236-field_1-last-error\" required><label for=\"wpforms-4236-field_1-last\" class=\"wpforms-field-sublabel after\">Nachname<\/label><\/div><\/div><\/fieldset><\/div><div id=\"wpforms-4236-field_2-container\" class=\"wpforms-field wpforms-field-email\" data-field-id=\"2\"><label class=\"wpforms-field-label\" for=\"wpforms-4236-field_2\">E-Mail <span class=\"wpforms-required-label\" aria-hidden=\"true\">*<\/span><\/label><input type=\"email\" id=\"wpforms-4236-field_2\" class=\"wpforms-field-large wpforms-field-required\" name=\"wpforms[fields][2]\" spellcheck=\"false\" aria-errormessage=\"wpforms-4236-field_2-error\" required><\/div><script>\n\t\t\t\t( function() {\n\t\t\t\t\tconst style = document.createElement( 'style' );\n\t\t\t\t\tstyle.appendChild( document.createTextNode( '#wpforms-4236-field_3-container { position: absolute !important; overflow: hidden !important; display: inline !important; height: 1px !important; width: 1px !important; z-index: -1000 !important; padding: 0 !important; } #wpforms-4236-field_3-container input { visibility: hidden; } #wpforms-conversational-form-page #wpforms-4236-field_3-container label { counter-increment: none; }' ) );\n\t\t\t\t\tdocument.head.appendChild( style );\n\t\t\t\t\tdocument.currentScript?.remove();\n\t\t\t\t} )();\n\t\t\t<\/script><\/div><!-- .wpforms-field-container --><div class=\"wpforms-recaptcha-container wpforms-is-recaptcha wpforms-is-recaptcha-type-invisible\" ><div class=\"g-recaptcha\" data-sitekey=\"6LfGtUorAAAAAMJ-04b25A12mMYLdamdj6MehHLQ\" data-size=\"invisible\"><\/div><\/div><div class=\"wpforms-submit-container\" ><input type=\"hidden\" name=\"wpforms[id]\" value=\"4236\"><input type=\"hidden\" name=\"page_title\" value=\"\"><input type=\"hidden\" name=\"page_url\" value=\"https:\/\/saintgear.shop\/de\/wp-json\/wp\/v2\/pages\/4797\"><input type=\"hidden\" name=\"url_referer\" value=\"\"><button type=\"submit\" name=\"wpforms[submit]\" id=\"wpforms-submit-4236\" class=\"wpforms-submit\" data-alt-text=\"Senden Sie...\" data-submit-text=\"Registrieren Sie sich\" aria-live=\"assertive\" value=\"wpforms-submit\">Registrieren Sie sich<\/button><img loading=\"lazy\" decoding=\"async\" src=\"https:\/\/saintgear.shop\/wp-content\/plugins\/wpforms-lite\/assets\/images\/submit-spin.svg\" class=\"wpforms-submit-spinner\" style=\"display: none;\" width=\"26\" height=\"26\" alt=\"Wird geladen\"><\/div><\/form><\/div>  <!-- .wpforms-container -->[\/vc_column_inner][\/vc_row_inner][\/vc_column][\/vc_row]<\/p>\n<\/div>","protected":false},"excerpt":{"rendered":"<p>[vc_row content_placement=&#8220;middle&#8220; min_height=&#8220;800&#8243; el_id=&#8220;banner_about&#8220; css=&#8220;.vc_custom_1756333541671{background-image: url(https:\/\/saintgear.shop\/wp-content\/uploads\/2025\/08\/military-members.jpg?id=4249) !important;background-position: center !important;background-repeat: no-repeat !important;background-size: cover !important;}&#8220;][vc_column el_class=&#8220;center_fix&#8220;][vc_row_inner][vc_column_inner el_class=&#8220;text-center&#8220;][vc_column_text css=&#8220;&#8220;] Programm f\u00fcr den \u00f6ffentlichen Dienst [\/vc_column_text][vc_column_text css=&#8220;&#8220;] 20% Rabatt auf alle Produkte G\u00fcltig auch auf bereits reduzierte Artikel Permanenter Zugang nach \u00dcberpr\u00fcfung [\/vc_column_text][\/vc_column_inner][\/vc_row_inner][\/vc_column][\/vc_row][vc_row fullwidth=&#8220;1&#8243; el_class=&#8220;mobile-margin-top-50 margin-top-100 mobile-margin-bottom-50 margin-bottom-100&#8243;][vc_column][vc_row_inner el_class=&#8220;max-width-900 padding-left-20 padding-right-20&#8243;][vc_column_inner][vc_column_text css=&#8220;&#8220; el_class=&#8220;padding-bottom-10 text-center&#8220;] 20% Rabatt f\u00fcr Mitarbeiter des [&hellip;]<\/p>\n","protected":false},"author":1,"featured_media":0,"parent":0,"menu_order":0,"comment_status":"closed","ping_status":"closed","template":"page-visual-composer.php","meta":{"_acf_changed":false,"footnotes":""},"class_list":["post-4797","page","type-page","status-publish","hentry"],"acf":[],"yoast_head":"<!-- This site is optimized with the Yoast SEO plugin v27.6 - https:\/\/yoast.com\/product\/yoast-seo-wordpress\/ -->\n<title>Sonderrabatt &#8212; SAINT GEAR<\/title>\n<meta name=\"robots\" content=\"index, follow, max-snippet:-1, max-image-preview:large, max-video-preview:-1\" \/>\n<link rel=\"canonical\" href=\"https:\/\/saintgear.shop\/de\/sonderrabatt\/\" \/>\n<meta property=\"og:locale\" content=\"de_DE\" \/>\n<meta property=\"og:type\" content=\"article\" \/>\n<meta property=\"og:title\" content=\"Sonderrabatt &#8212; SAINT GEAR\" \/>\n<meta property=\"og:description\" content=\"[vc_row content_placement=&#8220;middle&#8220; min_height=&#8220;800&#8243; el_id=&#8220;banner_about&#8220; css=&#8220;.vc_custom_1756333541671{background-image: url(https:\/\/saintgear.shop\/wp-content\/uploads\/2025\/08\/military-members.jpg?id=4249) !important;background-position: center !important;background-repeat: no-repeat !important;background-size: cover !important;}&#8220;][vc_column el_class=&#8220;center_fix&#8220;][vc_row_inner][vc_column_inner el_class=&#8220;text-center&#8220;][vc_column_text css=&#8220;&#8220;] Programm f\u00fcr den \u00f6ffentlichen Dienst [\/vc_column_text][vc_column_text css=&#8220;&#8220;] 20% Rabatt auf alle Produkte G\u00fcltig auch auf bereits reduzierte Artikel Permanenter Zugang nach \u00dcberpr\u00fcfung [\/vc_column_text][\/vc_column_inner][\/vc_row_inner][\/vc_column][\/vc_row][vc_row fullwidth=&#8220;1&#8243; el_class=&#8220;mobile-margin-top-50 margin-top-100 mobile-margin-bottom-50 margin-bottom-100&#8243;][vc_column][vc_row_inner el_class=&#8220;max-width-900 padding-left-20 padding-right-20&#8243;][vc_column_inner][vc_column_text css=&#8220;&#8220; el_class=&#8220;padding-bottom-10 text-center&#8220;] 20% Rabatt f\u00fcr Mitarbeiter des [&hellip;]\" \/>\n<meta property=\"og:url\" content=\"https:\/\/saintgear.shop\/de\/sonderrabatt\/\" \/>\n<meta property=\"og:site_name\" content=\"SAINT GEAR\" \/>\n<meta property=\"article:modified_time\" content=\"2025-12-30T19:27:49+00:00\" \/>\n<meta property=\"og:image\" content=\"https:\/\/saintgear.shop\/wp-content\/uploads\/2025\/09\/saint-gear_website-logo.jpg\" \/>\n\t<meta property=\"og:image:width\" content=\"1200\" \/>\n\t<meta property=\"og:image:height\" content=\"675\" \/>\n\t<meta property=\"og:image:type\" content=\"image\/jpeg\" \/>\n<meta name=\"twitter:card\" content=\"summary_large_image\" \/>\n<script type=\"application\/ld+json\" class=\"yoast-schema-graph\">{\"@context\":\"https:\\\/\\\/schema.org\",\"@graph\":[{\"@type\":\"WebPage\",\"@id\":\"https:\\\/\\\/saintgear.shop\\\/de\\\/sonderrabatt\\\/\",\"url\":\"https:\\\/\\\/saintgear.shop\\\/de\\\/sonderrabatt\\\/\",\"name\":\"Sonderrabatt &#8212; SAINT GEAR\",\"isPartOf\":{\"@id\":\"https:\\\/\\\/saintgear.shop\\\/de\\\/#website\"},\"datePublished\":\"2025-08-22T08:28:21+00:00\",\"dateModified\":\"2025-12-30T19:27:49+00:00\",\"breadcrumb\":{\"@id\":\"https:\\\/\\\/saintgear.shop\\\/de\\\/sonderrabatt\\\/#breadcrumb\"},\"inLanguage\":\"de\",\"potentialAction\":[{\"@type\":\"ReadAction\",\"target\":[\"https:\\\/\\\/saintgear.shop\\\/de\\\/sonderrabatt\\\/\"]}]},{\"@type\":\"BreadcrumbList\",\"@id\":\"https:\\\/\\\/saintgear.shop\\\/de\\\/sonderrabatt\\\/#breadcrumb\",\"itemListElement\":[{\"@type\":\"ListItem\",\"position\":1,\"name\":\"Home\",\"item\":\"https:\\\/\\\/saintgear.shop\\\/de\\\/home\\\/\"},{\"@type\":\"ListItem\",\"position\":2,\"name\":\"Sonderrabatt\"}]},{\"@type\":\"WebSite\",\"@id\":\"https:\\\/\\\/saintgear.shop\\\/de\\\/#website\",\"url\":\"https:\\\/\\\/saintgear.shop\\\/de\\\/\",\"name\":\"SAINT GEAR\",\"description\":\"EQUIPPED FOR THE MISSION\",\"publisher\":{\"@id\":\"https:\\\/\\\/saintgear.shop\\\/de\\\/#organization\"},\"potentialAction\":[{\"@type\":\"SearchAction\",\"target\":{\"@type\":\"EntryPoint\",\"urlTemplate\":\"https:\\\/\\\/saintgear.shop\\\/de\\\/?s={search_term_string}\"},\"query-input\":{\"@type\":\"PropertyValueSpecification\",\"valueRequired\":true,\"valueName\":\"search_term_string\"}}],\"inLanguage\":\"de\"},{\"@type\":\"Organization\",\"@id\":\"https:\\\/\\\/saintgear.shop\\\/de\\\/#organization\",\"name\":\"SAINT GEAR\",\"url\":\"https:\\\/\\\/saintgear.shop\\\/de\\\/\",\"logo\":{\"@type\":\"ImageObject\",\"inLanguage\":\"de\",\"@id\":\"https:\\\/\\\/saintgear.shop\\\/de\\\/#\\\/schema\\\/logo\\\/image\\\/\",\"url\":\"https:\\\/\\\/saintgear.shop\\\/wp-content\\\/uploads\\\/2025\\\/09\\\/saint-gear_website-logo_small.jpg\",\"contentUrl\":\"https:\\\/\\\/saintgear.shop\\\/wp-content\\\/uploads\\\/2025\\\/09\\\/saint-gear_website-logo_small.jpg\",\"width\":696,\"height\":696,\"caption\":\"SAINT GEAR\"},\"image\":{\"@id\":\"https:\\\/\\\/saintgear.shop\\\/de\\\/#\\\/schema\\\/logo\\\/image\\\/\"}}]}<\/script>\n<!-- \/ Yoast SEO plugin. -->","yoast_head_json":{"title":"Sonderrabatt &#8212; SAINT GEAR","robots":{"index":"index","follow":"follow","max-snippet":"max-snippet:-1","max-image-preview":"max-image-preview:large","max-video-preview":"max-video-preview:-1"},"canonical":"https:\/\/saintgear.shop\/de\/sonderrabatt\/","og_locale":"de_DE","og_type":"article","og_title":"Sonderrabatt &#8212; SAINT GEAR","og_description":"[vc_row content_placement=&#8220;middle&#8220; min_height=&#8220;800&#8243; el_id=&#8220;banner_about&#8220; css=&#8220;.vc_custom_1756333541671{background-image: url(https:\/\/saintgear.shop\/wp-content\/uploads\/2025\/08\/military-members.jpg?id=4249) !important;background-position: center !important;background-repeat: no-repeat !important;background-size: cover !important;}&#8220;][vc_column el_class=&#8220;center_fix&#8220;][vc_row_inner][vc_column_inner el_class=&#8220;text-center&#8220;][vc_column_text css=&#8220;&#8220;] Programm f\u00fcr den \u00f6ffentlichen Dienst [\/vc_column_text][vc_column_text css=&#8220;&#8220;] 20% Rabatt auf alle Produkte G\u00fcltig auch auf bereits reduzierte Artikel Permanenter Zugang nach \u00dcberpr\u00fcfung [\/vc_column_text][\/vc_column_inner][\/vc_row_inner][\/vc_column][\/vc_row][vc_row fullwidth=&#8220;1&#8243; el_class=&#8220;mobile-margin-top-50 margin-top-100 mobile-margin-bottom-50 margin-bottom-100&#8243;][vc_column][vc_row_inner el_class=&#8220;max-width-900 padding-left-20 padding-right-20&#8243;][vc_column_inner][vc_column_text css=&#8220;&#8220; el_class=&#8220;padding-bottom-10 text-center&#8220;] 20% Rabatt f\u00fcr Mitarbeiter des [&hellip;]","og_url":"https:\/\/saintgear.shop\/de\/sonderrabatt\/","og_site_name":"SAINT GEAR","article_modified_time":"2025-12-30T19:27:49+00:00","og_image":[{"width":1200,"height":675,"url":"https:\/\/saintgear.shop\/wp-content\/uploads\/2025\/09\/saint-gear_website-logo.jpg","type":"image\/jpeg"}],"twitter_card":"summary_large_image","schema":{"@context":"https:\/\/schema.org","@graph":[{"@type":"WebPage","@id":"https:\/\/saintgear.shop\/de\/sonderrabatt\/","url":"https:\/\/saintgear.shop\/de\/sonderrabatt\/","name":"Sonderrabatt &#8212; SAINT GEAR","isPartOf":{"@id":"https:\/\/saintgear.shop\/de\/#website"},"datePublished":"2025-08-22T08:28:21+00:00","dateModified":"2025-12-30T19:27:49+00:00","breadcrumb":{"@id":"https:\/\/saintgear.shop\/de\/sonderrabatt\/#breadcrumb"},"inLanguage":"de","potentialAction":[{"@type":"ReadAction","target":["https:\/\/saintgear.shop\/de\/sonderrabatt\/"]}]},{"@type":"BreadcrumbList","@id":"https:\/\/saintgear.shop\/de\/sonderrabatt\/#breadcrumb","itemListElement":[{"@type":"ListItem","position":1,"name":"Home","item":"https:\/\/saintgear.shop\/de\/home\/"},{"@type":"ListItem","position":2,"name":"Sonderrabatt"}]},{"@type":"WebSite","@id":"https:\/\/saintgear.shop\/de\/#website","url":"https:\/\/saintgear.shop\/de\/","name":"SAINT GEAR","description":"EQUIPPED FOR THE MISSION","publisher":{"@id":"https:\/\/saintgear.shop\/de\/#organization"},"potentialAction":[{"@type":"SearchAction","target":{"@type":"EntryPoint","urlTemplate":"https:\/\/saintgear.shop\/de\/?s={search_term_string}"},"query-input":{"@type":"PropertyValueSpecification","valueRequired":true,"valueName":"search_term_string"}}],"inLanguage":"de"},{"@type":"Organization","@id":"https:\/\/saintgear.shop\/de\/#organization","name":"SAINT GEAR","url":"https:\/\/saintgear.shop\/de\/","logo":{"@type":"ImageObject","inLanguage":"de","@id":"https:\/\/saintgear.shop\/de\/#\/schema\/logo\/image\/","url":"https:\/\/saintgear.shop\/wp-content\/uploads\/2025\/09\/saint-gear_website-logo_small.jpg","contentUrl":"https:\/\/saintgear.shop\/wp-content\/uploads\/2025\/09\/saint-gear_website-logo_small.jpg","width":696,"height":696,"caption":"SAINT GEAR"},"image":{"@id":"https:\/\/saintgear.shop\/de\/#\/schema\/logo\/image\/"}}]}},"_links":{"self":[{"href":"https:\/\/saintgear.shop\/de\/wp-json\/wp\/v2\/pages\/4797","targetHints":{"allow":["GET"]}}],"collection":[{"href":"https:\/\/saintgear.shop\/de\/wp-json\/wp\/v2\/pages"}],"about":[{"href":"https:\/\/saintgear.shop\/de\/wp-json\/wp\/v2\/types\/page"}],"author":[{"embeddable":true,"href":"https:\/\/saintgear.shop\/de\/wp-json\/wp\/v2\/users\/1"}],"replies":[{"embeddable":true,"href":"https:\/\/saintgear.shop\/de\/wp-json\/wp\/v2\/comments?post=4797"}],"version-history":[{"count":9,"href":"https:\/\/saintgear.shop\/de\/wp-json\/wp\/v2\/pages\/4797\/revisions"}],"predecessor-version":[{"id":4916,"href":"https:\/\/saintgear.shop\/de\/wp-json\/wp\/v2\/pages\/4797\/revisions\/4916"}],"wp:attachment":[{"href":"https:\/\/saintgear.shop\/de\/wp-json\/wp\/v2\/media?parent=4797"}],"curies":[{"name":"wp","href":"https:\/\/api.w.org\/{rel}","templated":true}]}}