{"id":4789,"date":"2025-07-30T19:55:13","date_gmt":"2025-07-30T17:55:13","guid":{"rendered":"https:\/\/saintgear.shop\/unternehmen\/"},"modified":"2025-12-30T15:45:09","modified_gmt":"2025-12-30T14:45:09","slug":"unternehmen","status":"publish","type":"page","link":"https:\/\/saintgear.shop\/de\/unternehmen\/","title":{"rendered":"Unternehmen"},"content":{"rendered":"<div class=\"wpb-content-wrapper\"><p>[vc_row content_placement=&#8220;middle&#8220; fullwidth=&#8220;1&#8243; css=&#8220;.vc_custom_1756933883869{background-image: url(https:\/\/saintgear.shop\/wp-content\/uploads\/2025\/09\/company_banner.jpg?id=4288) !important;background-position: center !important;background-repeat: no-repeat !important;background-size: cover !important;}&#8220; el_id=&#8220;banner_firma&#8220;][vc_column][\/vc_column][\/vc_row][vc_row equal_height=&#8220;yes&#8220; content_placement=&#8220;middle&#8220;][vc_column width=&#8220;1\/2&#8243; el_class=&#8220;padding-top-40 padding-bottom-40&#8243;][vc_column_text css=&#8220;&#8220; el_class=&#8220;mobile-margin-bottom-25&#8243;]DEUTSCHLAND &#8211; BREMEN &#8211; 53\u00b0 5\u2032 N 8\u00b0 48\u2032 E[\/vc_column_text][vc_raw_html css=&#8220;&#8220; el_class=&#8220;margin-bottom-10 width-100&#8243;]W3dwc2VvX2JyZWFkY3J1bWJdDQo=[\/vc_raw_html][vc_column_text css=&#8220;&#8220; el_class=&#8220;margin-bottom-40 width-100&#8243;]<\/p>\n<h1>\u00dcBERBLICK<\/h1>\n<p>[\/vc_column_text][vc_column_text css=&#8220;&#8220; el_class=&#8220;margin-bottom-20 width-100 padding-right-30&#8243;]SAINT GEAR ist ein offiziell registriertes Unternehmen mit Sitz in Bremen, Deutschland. Wir entwickeln und vertreiben taktische Ausr\u00fcstung f\u00fcr den zivilen und professionellen Einsatz in der gesamten EU und gew\u00e4hrleisten die Einhaltung aller Handels- und Verbraucherschutzvorschriften. Unsere Produktpalette umfasst Werkzeuge, Bekleidung, Beleuchtung, Taschen und einsatzbereites Zubeh\u00f6r. Wir arbeiten von unserem Hauptsitz und Lager in Norddeutschland aus. Von dort aus beliefern wir sowohl Privatkunden als auch H\u00e4ndler \u00fcber verschiedene Vertriebskan\u00e4le mit gro\u00dfen Mengen an Ausr\u00fcstung. Unser Bestand wird st\u00e4ndig erweitert &#8211; regelm\u00e4\u00dfig kommen neue Ausr\u00fcstungsgegenst\u00e4nde hinzu, um den Anforderungen der realen Eins\u00e4tze gerecht zu werden.[\/vc_column_text][vc_column_text css=&#8220;&#8220; el_class=&#8220;width-100&#8243;]<a href=\"#more\">MEHR ERFAHREN<\/a>[\/vc_column_text][\/vc_column][vc_column width=&#8220;1\/2&#8243; css=&#8220;.vc_custom_1756932565097{padding-right: 0px !important;padding-left: 0px !important;background-position: center !important;background-repeat: no-repeat !important;background-size: cover !important;}&#8220;][vc_raw_html css=&#8220;&#8220;]PHZpZGVvIHdpZHRoPSIxMDAlIiBhdXRvcGxheT0iIiBsb29wPSIiIG11dGVkPSIiIHBsYXlzaW5saW5lPSIiPg0KICA8c291cmNlIHNyYz0iaHR0cHM6Ly9zYWludGdlYXIuc2hvcC93cC1jb250ZW50L3VwbG9hZHMvMjAyNS8wOC9JTUdfMzAzMy5tcDQiIHR5cGU9InZpZGVvL21wNCI+DQpJaHIgQnJvd3NlciB1bnRlcnN0w7x0enQgZGFzIFZpZGVvLVRhZyBuaWNodC4NCjwvc291cmNlPjwvdmlkZW8+[\/vc_raw_html][\/vc_column][\/vc_row][vc_row content_placement=&#8220;middle&#8220; fullwidth=&#8220;1&#8243; el_class=&#8220;main_double_wrap mobile-reverse&#8220; el_id=&#8220;mehr&#8220;][vc_column width=&#8220;1\/2&#8243; el_class=&#8220;double_wrap&#8220; css=&#8220;.vc_custom_1756934128863{background-image: url(https:\/\/saintgear.shop\/wp-content\/uploads\/2025\/08\/saint_company_img_1.jpg?id=4271) !important;background-position: center !important;background-repeat: no-repeat !important;background-size: cover !important;}&#8220;][\/vc_column][vc_column width=&#8220;1\/2&#8243; el_class=&#8220;double_wrap&#8220;][vc_column_text css=&#8220;&#8220; el_class=&#8220;margin-bottom-40&#8243;]<\/p>\n<h2>MOTIVATION<\/h2>\n<p>[\/vc_column_text][vc_column_text css=&#8220;&#8220; el_class=&#8220;margin-bottom-20 max-width-500&#8243;]Wir lassen uns von Einsatzumgebungen inspirieren, in denen Menschen unter Druck handeln &#8211; Strafverfolgung, Milit\u00e4r und Einsatzkr\u00e4fte. Diese Berufe haben eine wesentliche Anforderung gemeinsam: zuverl\u00e4ssige Ausr\u00fcstung. Da ist kein Platz f\u00fcr Mode. Kein Platz f\u00fcr Versagen. Die Ausr\u00fcstung muss ohne Verz\u00f6gerung und unter allen Bedingungen funktionieren. Bei SAINT GEAR betrachten wir dies als Norm f\u00fcr unsere Produkte. Wir entwickeln und liefern n\u00fcchterne Ausr\u00fcstung, die auf Einsatzbereitschaft, Langlebigkeit und best\u00e4ndige Leistung ausgelegt ist. Unsere Produkte sind f\u00fcr den Einsatz gebaut &#8211; nicht f\u00fcr die Show.       <\/p>\n<blockquote><p>&#8222;Manche Ger\u00e4te bleiben bei Ihnen. Sie funktioniert ohne Kompromisse, Jahr f\u00fcr Jahr. Immer bereit, wenn man sie braucht. Ger\u00e4uschlos, zuverl\u00e4ssig und unter Druck bew\u00e4hrt.&#8220;<br \/>\n&#8211; Gr\u00fcnder, SAINT GEAR<\/p><\/blockquote>\n<p>Wir glauben, dass einsatzf\u00e4hige Ausr\u00fcstung nicht auf den offiziellen Gebrauch beschr\u00e4nkt sein sollte. Jedes zivile Umfeld braucht Menschen, die bereit sind, Verantwortung zu \u00fcbernehmen, wenn es darauf ankommt. Wir bauen f\u00fcr sie &#8211; f\u00fcr diejenigen, die bereit sind.[\/vc_column_text][\/vc_column][\/vc_row][vc_row equal_height=&#8220;yes&#8220; content_placement=&#8220;middle&#8220; fullwidth=&#8220;1&#8243; el_class=&#8220;main_double_wrap&#8220;][vc_column width=&#8220;1\/2&#8243; el_class=&#8220;double_wrap&#8220;][vc_column_text css=&#8220;&#8220; el_class=&#8220;margin-bottom-40&#8243;]<\/p>\n<h1>KODEX<\/h1>\n<p>[\/vc_column_text][vc_column_text css=&#8220;&#8220; el_class=&#8220;margin-bottom-20 max-width-500&#8243;]<\/p>\n<p data-start=\"234\" data-end=\"356\">Bei SAINT GEAR ist die Qualit\u00e4t nicht verhandelbar. Jeder Artikel wird vor der Freigabe einer strengen dreistufigen internen Pr\u00fcfung unterzogen: <\/p>\n<p data-start=\"358\" data-end=\"570\"><strong data-start=\"358\" data-end=\"368\">VETTED<\/strong> &#8211; Inspektion auf Materialintegrit\u00e4t, Defekte und Oberfl\u00e4chenfehler.<br data-start=\"423\" data-end=\"426\"> TESTED &#8211; Funktionspr\u00fcfung zur Sicherstellung der vollen Betriebszuverl\u00e4ssigkeit.<br data-start=\"503\" data-end=\"506\"> PASSED &#8211; Endkontrolle best\u00e4tigt die Einsatzbereitschaft.<\/p>\n<p data-start=\"572\" data-end=\"695\">Nur Artikel, die alle drei Kriterien erf\u00fcllen, werden zum Verkauf freigegeben. Jede Einheit ist entsprechend gekennzeichnet &#8211; mit allen best\u00e4tigten Kontrollen. <\/p>\n<p data-start=\"697\" data-end=\"749\">Das ist unser Standard. Keine Ausnahmen. Keine Kompromisse.  <\/p>\n<p>[\/vc_column_text][\/vc_column][vc_column width=&#8220;1\/2&#8243; css=&#8220;.vc_custom_1756931942322{background-image: url(https:\/\/saintgear.shop\/wp-content\/uploads\/2025\/09\/saint_company_testing-label-1.jpg?id=4290) !important;background-position: center !important;background-repeat: no-repeat !important;background-size: cover !important;}&#8220; el_class=&#8220;double_wrap&#8220;][\/vc_column][\/vc_row]<\/p>\n<\/div>","protected":false},"excerpt":{"rendered":"<p>[vc_row content_placement=&#8220;middle&#8220; fullwidth=&#8220;1&#8243; css=&#8220;.vc_custom_1756933883869{background-image: url(https:\/\/saintgear.shop\/wp-content\/uploads\/2025\/09\/company_banner.jpg?id=4288) !important;background-position: center !important;background-repeat: no-repeat !important;background-size: cover !important;}&#8220; el_id=&#8220;banner_firma&#8220;][vc_column][\/vc_column][\/vc_row][vc_row equal_height=&#8220;yes&#8220; content_placement=&#8220;middle&#8220;][vc_column width=&#8220;1\/2&#8243; el_class=&#8220;padding-top-40 padding-bottom-40&#8243;][vc_column_text css=&#8220;&#8220; el_class=&#8220;mobile-margin-bottom-25&#8243;]DEUTSCHLAND &#8211; BREMEN &#8211; 53\u00b0 5\u2032 N 8\u00b0 48\u2032 E[\/vc_column_text][vc_raw_html css=&#8220;&#8220; el_class=&#8220;margin-bottom-10 width-100&#8243;]W3dwc2VvX2JyZWFkY3J1bWJdDQo=[\/vc_raw_html][vc_column_text css=&#8220;&#8220; el_class=&#8220;margin-bottom-40 width-100&#8243;] \u00dcBERBLICK [\/vc_column_text][vc_column_text css=&#8220;&#8220; el_class=&#8220;margin-bottom-20 width-100 padding-right-30&#8243;]SAINT GEAR ist ein offiziell registriertes Unternehmen mit Sitz in Bremen, Deutschland. Wir entwickeln und [&hellip;]<\/p>\n","protected":false},"author":1,"featured_media":0,"parent":0,"menu_order":0,"comment_status":"closed","ping_status":"closed","template":"page-visual-composer.php","meta":{"_acf_changed":false,"footnotes":""},"class_list":["post-4789","page","type-page","status-publish","hentry"],"acf":[],"yoast_head":"<!-- This site is optimized with the Yoast SEO plugin v27.5 - https:\/\/yoast.com\/product\/yoast-seo-wordpress\/ -->\n<title>SAINT GEAR Unternehmen - Lieferant und Marke f\u00fcr taktische Ausr\u00fcstung<\/title>\n<meta name=\"description\" content=\"Erfahren Sie mehr \u00fcber SAINT GEAR, die von den Special Forces inspirierte Marke f\u00fcr taktische Ausr\u00fcstung. Wir entwickeln und liefern einsatzbereite Ausr\u00fcstung.\" \/>\n<meta name=\"robots\" content=\"index, follow, max-snippet:-1, max-image-preview:large, max-video-preview:-1\" \/>\n<link rel=\"canonical\" href=\"https:\/\/saintgear.shop\/de\/unternehmen\/\" \/>\n<meta property=\"og:locale\" content=\"de_DE\" \/>\n<meta property=\"og:type\" content=\"article\" \/>\n<meta property=\"og:title\" content=\"SAINT GEAR Unternehmen - Lieferant und Marke f\u00fcr taktische Ausr\u00fcstung\" \/>\n<meta property=\"og:description\" content=\"Erfahren Sie mehr \u00fcber SAINT GEAR, die von den Special Forces inspirierte Marke f\u00fcr taktische Ausr\u00fcstung. Wir entwickeln und liefern einsatzbereite Ausr\u00fcstung.\" \/>\n<meta property=\"og:url\" content=\"https:\/\/saintgear.shop\/de\/unternehmen\/\" \/>\n<meta property=\"og:site_name\" content=\"SAINT GEAR\" \/>\n<meta property=\"article:modified_time\" content=\"2025-12-30T14:45:09+00:00\" \/>\n<meta property=\"og:image\" content=\"https:\/\/saintgear.shop\/wp-content\/uploads\/2025\/09\/saint-gear_website-logo.jpg\" \/>\n\t<meta property=\"og:image:width\" content=\"1200\" \/>\n\t<meta property=\"og:image:height\" content=\"675\" \/>\n\t<meta property=\"og:image:type\" content=\"image\/jpeg\" \/>\n<meta name=\"twitter:card\" content=\"summary_large_image\" \/>\n<script type=\"application\/ld+json\" class=\"yoast-schema-graph\">{\"@context\":\"https:\\\/\\\/schema.org\",\"@graph\":[{\"@type\":\"WebPage\",\"@id\":\"https:\\\/\\\/saintgear.shop\\\/de\\\/unternehmen\\\/\",\"url\":\"https:\\\/\\\/saintgear.shop\\\/de\\\/unternehmen\\\/\",\"name\":\"SAINT GEAR Unternehmen - Lieferant und Marke f\u00fcr taktische Ausr\u00fcstung\",\"isPartOf\":{\"@id\":\"https:\\\/\\\/saintgear.shop\\\/de\\\/#website\"},\"datePublished\":\"2025-07-30T17:55:13+00:00\",\"dateModified\":\"2025-12-30T14:45:09+00:00\",\"description\":\"Erfahren Sie mehr \u00fcber SAINT GEAR, die von den Special Forces inspirierte Marke f\u00fcr taktische Ausr\u00fcstung. Wir entwickeln und liefern einsatzbereite Ausr\u00fcstung.\",\"breadcrumb\":{\"@id\":\"https:\\\/\\\/saintgear.shop\\\/de\\\/unternehmen\\\/#breadcrumb\"},\"inLanguage\":\"de\",\"potentialAction\":[{\"@type\":\"ReadAction\",\"target\":[\"https:\\\/\\\/saintgear.shop\\\/de\\\/unternehmen\\\/\"]}]},{\"@type\":\"BreadcrumbList\",\"@id\":\"https:\\\/\\\/saintgear.shop\\\/de\\\/unternehmen\\\/#breadcrumb\",\"itemListElement\":[{\"@type\":\"ListItem\",\"position\":1,\"name\":\"Home\",\"item\":\"https:\\\/\\\/saintgear.shop\\\/de\\\/home\\\/\"},{\"@type\":\"ListItem\",\"position\":2,\"name\":\"Unternehmen\"}]},{\"@type\":\"WebSite\",\"@id\":\"https:\\\/\\\/saintgear.shop\\\/de\\\/#website\",\"url\":\"https:\\\/\\\/saintgear.shop\\\/de\\\/\",\"name\":\"SAINT GEAR\",\"description\":\"EQUIPPED FOR THE MISSION\",\"publisher\":{\"@id\":\"https:\\\/\\\/saintgear.shop\\\/de\\\/#organization\"},\"potentialAction\":[{\"@type\":\"SearchAction\",\"target\":{\"@type\":\"EntryPoint\",\"urlTemplate\":\"https:\\\/\\\/saintgear.shop\\\/de\\\/?s={search_term_string}\"},\"query-input\":{\"@type\":\"PropertyValueSpecification\",\"valueRequired\":true,\"valueName\":\"search_term_string\"}}],\"inLanguage\":\"de\"},{\"@type\":\"Organization\",\"@id\":\"https:\\\/\\\/saintgear.shop\\\/de\\\/#organization\",\"name\":\"SAINT GEAR\",\"url\":\"https:\\\/\\\/saintgear.shop\\\/de\\\/\",\"logo\":{\"@type\":\"ImageObject\",\"inLanguage\":\"de\",\"@id\":\"https:\\\/\\\/saintgear.shop\\\/de\\\/#\\\/schema\\\/logo\\\/image\\\/\",\"url\":\"https:\\\/\\\/saintgear.shop\\\/wp-content\\\/uploads\\\/2025\\\/09\\\/saint-gear_website-logo_small.jpg\",\"contentUrl\":\"https:\\\/\\\/saintgear.shop\\\/wp-content\\\/uploads\\\/2025\\\/09\\\/saint-gear_website-logo_small.jpg\",\"width\":696,\"height\":696,\"caption\":\"SAINT GEAR\"},\"image\":{\"@id\":\"https:\\\/\\\/saintgear.shop\\\/de\\\/#\\\/schema\\\/logo\\\/image\\\/\"}}]}<\/script>\n<!-- \/ Yoast SEO plugin. -->","yoast_head_json":{"title":"SAINT GEAR Unternehmen - Lieferant und Marke f\u00fcr taktische Ausr\u00fcstung","description":"Erfahren Sie mehr \u00fcber SAINT GEAR, die von den Special Forces inspirierte Marke f\u00fcr taktische Ausr\u00fcstung. Wir entwickeln und liefern einsatzbereite Ausr\u00fcstung.","robots":{"index":"index","follow":"follow","max-snippet":"max-snippet:-1","max-image-preview":"max-image-preview:large","max-video-preview":"max-video-preview:-1"},"canonical":"https:\/\/saintgear.shop\/de\/unternehmen\/","og_locale":"de_DE","og_type":"article","og_title":"SAINT GEAR Unternehmen - Lieferant und Marke f\u00fcr taktische Ausr\u00fcstung","og_description":"Erfahren Sie mehr \u00fcber SAINT GEAR, die von den Special Forces inspirierte Marke f\u00fcr taktische Ausr\u00fcstung. Wir entwickeln und liefern einsatzbereite Ausr\u00fcstung.","og_url":"https:\/\/saintgear.shop\/de\/unternehmen\/","og_site_name":"SAINT GEAR","article_modified_time":"2025-12-30T14:45:09+00:00","og_image":[{"width":1200,"height":675,"url":"https:\/\/saintgear.shop\/wp-content\/uploads\/2025\/09\/saint-gear_website-logo.jpg","type":"image\/jpeg"}],"twitter_card":"summary_large_image","schema":{"@context":"https:\/\/schema.org","@graph":[{"@type":"WebPage","@id":"https:\/\/saintgear.shop\/de\/unternehmen\/","url":"https:\/\/saintgear.shop\/de\/unternehmen\/","name":"SAINT GEAR Unternehmen - Lieferant und Marke f\u00fcr taktische Ausr\u00fcstung","isPartOf":{"@id":"https:\/\/saintgear.shop\/de\/#website"},"datePublished":"2025-07-30T17:55:13+00:00","dateModified":"2025-12-30T14:45:09+00:00","description":"Erfahren Sie mehr \u00fcber SAINT GEAR, die von den Special Forces inspirierte Marke f\u00fcr taktische Ausr\u00fcstung. Wir entwickeln und liefern einsatzbereite Ausr\u00fcstung.","breadcrumb":{"@id":"https:\/\/saintgear.shop\/de\/unternehmen\/#breadcrumb"},"inLanguage":"de","potentialAction":[{"@type":"ReadAction","target":["https:\/\/saintgear.shop\/de\/unternehmen\/"]}]},{"@type":"BreadcrumbList","@id":"https:\/\/saintgear.shop\/de\/unternehmen\/#breadcrumb","itemListElement":[{"@type":"ListItem","position":1,"name":"Home","item":"https:\/\/saintgear.shop\/de\/home\/"},{"@type":"ListItem","position":2,"name":"Unternehmen"}]},{"@type":"WebSite","@id":"https:\/\/saintgear.shop\/de\/#website","url":"https:\/\/saintgear.shop\/de\/","name":"SAINT GEAR","description":"EQUIPPED FOR THE MISSION","publisher":{"@id":"https:\/\/saintgear.shop\/de\/#organization"},"potentialAction":[{"@type":"SearchAction","target":{"@type":"EntryPoint","urlTemplate":"https:\/\/saintgear.shop\/de\/?s={search_term_string}"},"query-input":{"@type":"PropertyValueSpecification","valueRequired":true,"valueName":"search_term_string"}}],"inLanguage":"de"},{"@type":"Organization","@id":"https:\/\/saintgear.shop\/de\/#organization","name":"SAINT GEAR","url":"https:\/\/saintgear.shop\/de\/","logo":{"@type":"ImageObject","inLanguage":"de","@id":"https:\/\/saintgear.shop\/de\/#\/schema\/logo\/image\/","url":"https:\/\/saintgear.shop\/wp-content\/uploads\/2025\/09\/saint-gear_website-logo_small.jpg","contentUrl":"https:\/\/saintgear.shop\/wp-content\/uploads\/2025\/09\/saint-gear_website-logo_small.jpg","width":696,"height":696,"caption":"SAINT GEAR"},"image":{"@id":"https:\/\/saintgear.shop\/de\/#\/schema\/logo\/image\/"}}]}},"_links":{"self":[{"href":"https:\/\/saintgear.shop\/de\/wp-json\/wp\/v2\/pages\/4789","targetHints":{"allow":["GET"]}}],"collection":[{"href":"https:\/\/saintgear.shop\/de\/wp-json\/wp\/v2\/pages"}],"about":[{"href":"https:\/\/saintgear.shop\/de\/wp-json\/wp\/v2\/types\/page"}],"author":[{"embeddable":true,"href":"https:\/\/saintgear.shop\/de\/wp-json\/wp\/v2\/users\/1"}],"replies":[{"embeddable":true,"href":"https:\/\/saintgear.shop\/de\/wp-json\/wp\/v2\/comments?post=4789"}],"version-history":[{"count":2,"href":"https:\/\/saintgear.shop\/de\/wp-json\/wp\/v2\/pages\/4789\/revisions"}],"predecessor-version":[{"id":4791,"href":"https:\/\/saintgear.shop\/de\/wp-json\/wp\/v2\/pages\/4789\/revisions\/4791"}],"wp:attachment":[{"href":"https:\/\/saintgear.shop\/de\/wp-json\/wp\/v2\/media?parent=4789"}],"curies":[{"name":"wp","href":"https:\/\/api.w.org\/{rel}","templated":true}]}}