{"id":4774,"date":"2017-09-27T17:17:24","date_gmt":"2017-09-27T15:17:24","guid":{"rendered":"https:\/\/saintgear.shop\/warenkorb\/"},"modified":"2025-12-30T13:22:52","modified_gmt":"2025-12-30T12:22:52","slug":"warenkorb","status":"publish","type":"page","link":"https:\/\/saintgear.shop\/de\/warenkorb\/","title":{"rendered":"Warenkorb"},"content":{"rendered":"\n<div data-block-name=\"woocommerce\/cart\" class=\"wp-block-woocommerce-cart alignwide is-loading\">\n<div data-block-name=\"woocommerce\/filled-cart-block\" class=\"wp-block-woocommerce-filled-cart-block\">\n<div data-block-name=\"woocommerce\/cart-items-block\" class=\"wp-block-woocommerce-cart-items-block\">\n<div data-block-name=\"woocommerce\/cart-line-items-block\" class=\"wp-block-woocommerce-cart-line-items-block\"><\/div>\n\n\n<\/div>\n\n\n\n\n<div data-block-name=\"woocommerce\/cart-totals-block\" class=\"wp-block-woocommerce-cart-totals-block\">\n<div data-block-name=\"woocommerce\/cart-order-summary-block\" class=\"wp-block-woocommerce-cart-order-summary-block\">\n<div data-block-name=\"woocommerce\/cart-order-summary-heading-block\" class=\"wp-block-woocommerce-cart-order-summary-heading-block\"><\/div><div data-block-name=\"woocommerce\/cart-order-summary-coupon-form-block\" class=\"wp-block-woocommerce-cart-order-summary-coupon-form-block\"><\/div><div data-block-name=\"woocommerce\/cart-order-summary-totals-block\" class=\"wp-block-woocommerce-cart-order-summary-totals-block\">\n<div data-block-name=\"woocommerce\/cart-order-summary-subtotal-block\" class=\"wp-block-woocommerce-cart-order-summary-subtotal-block\"><\/div>\n<div data-block-name=\"woocommerce\/cart-order-summary-discount-block\" class=\"wp-block-woocommerce-cart-order-summary-discount-block\"><\/div>\n<div data-block-name=\"woocommerce\/cart-order-summary-fee-block\" class=\"wp-block-woocommerce-cart-order-summary-fee-block\"><\/div>\n<div data-block-name=\"woocommerce\/cart-order-summary-shipping-block\" class=\"wp-block-woocommerce-cart-order-summary-shipping-block\"><\/div>\n<div data-block-name=\"woocommerce\/cart-order-summary-taxes-block\" class=\"wp-block-woocommerce-cart-order-summary-taxes-block\"><\/div><\/div>\n<\/div>\n\n\n\n<div data-block-name=\"woocommerce\/cart-express-payment-block\" class=\"wp-block-woocommerce-cart-express-payment-block\"><\/div>\n\n\n\n<div data-block-name=\"woocommerce\/proceed-to-checkout-block\" class=\"wp-block-woocommerce-proceed-to-checkout-block\"><\/div>\n<div id=\"ppcp-recaptcha-v2-container\" style=\"margin:20px 0;\"><\/div>\n\n\n<div data-block-name=\"woocommerce\/cart-accepted-payment-methods-block\" class=\"wp-block-woocommerce-cart-accepted-payment-methods-block\"><\/div>\n<\/div>\n<\/div>\n\n\n\n<div data-block-name=\"woocommerce\/empty-cart-block\" class=\"wp-block-woocommerce-empty-cart-block\">\n<h2 class=\"wp-block-heading has-text-align-center with-empty-cart-icon wc-block-cart__empty-cart__title\">Dein Warenkorb ist gerade leer!<\/h2>\n\n\n\n<hr class=\"wp-block-separator has-alpha-channel-opacity is-style-dots\"\/>\n\n\n\n<h2 class=\"wp-block-heading has-text-align-center\">Neu im Shop<\/h2>\n\n\n<div data-block-name=\"woocommerce\/product-new\" data-columns=\"4\" data-rows=\"1\" class=\"wc-block-grid wp-block-product-new wp-block-woocommerce-product-new wc-block-product-new has-4-columns\"><ul class=\"wc-block-grid__products\"><li class=\"wc-block-grid__product\">\n\t\t\t\t<a href=\"https:\/\/saintgear.shop\/de\/produkt\/rhino-outdoor-messer\/\" class=\"wc-block-grid__product-link\">\n\t\t\t\t\t<div class=\"wc-block-grid__product-onsale\">\n\t\t\t<span aria-hidden=\"true\">Angebot<\/span>\n\t\t\t<span class=\"screen-reader-text\">Produkt im Angebot<\/span>\n\t\t<\/div>\n\t\t\t\t\t<div class=\"wc-block-grid__product-image\"><img loading=\"lazy\" decoding=\"async\" width=\"350\" height=\"350\" src=\"https:\/\/saintgear.shop\/wp-content\/uploads\/2025\/12\/rhino-tactical-knife-stuck-in-desert-sand-350x350.jpg\" class=\"attachment-woocommerce_thumbnail size-woocommerce_thumbnail\" alt=\"Rhino Survival-Messer mit einer Klinge aus robustem 9Cr18 Stahl\" srcset=\"https:\/\/saintgear.shop\/wp-content\/uploads\/2025\/12\/rhino-tactical-knife-stuck-in-desert-sand-350x350.jpg 350w, https:\/\/saintgear.shop\/wp-content\/uploads\/2025\/12\/rhino-tactical-knife-stuck-in-desert-sand-300x300.jpg 300w, https:\/\/saintgear.shop\/wp-content\/uploads\/2025\/12\/rhino-tactical-knife-stuck-in-desert-sand-595x595.jpg 595w, https:\/\/saintgear.shop\/wp-content\/uploads\/2025\/12\/rhino-tactical-knife-stuck-in-desert-sand-150x150.jpg 150w, https:\/\/saintgear.shop\/wp-content\/uploads\/2025\/12\/rhino-tactical-knife-stuck-in-desert-sand-768x768.jpg 768w, https:\/\/saintgear.shop\/wp-content\/uploads\/2025\/12\/rhino-tactical-knife-stuck-in-desert-sand-1536x1536.jpg 1536w, https:\/\/saintgear.shop\/wp-content\/uploads\/2025\/12\/rhino-tactical-knife-stuck-in-desert-sand-380x380.jpg 380w, https:\/\/saintgear.shop\/wp-content\/uploads\/2025\/12\/rhino-tactical-knife-stuck-in-desert-sand-450x450.jpg 450w, https:\/\/saintgear.shop\/wp-content\/uploads\/2025\/12\/rhino-tactical-knife-stuck-in-desert-sand-100x100.jpg 100w, https:\/\/saintgear.shop\/wp-content\/uploads\/2025\/12\/rhino-tactical-knife-stuck-in-desert-sand.jpg 2000w\" sizes=\"auto, (max-width: 350px) 100vw, 350px\" \/><\/div>\n\t\t\t\t\t<div class=\"wc-block-grid__product-title\">Rhino Outdoor-Messer<\/div>\n\t\t\t\t<\/a>\n\t\t\t\t<div class=\"wc-block-grid__product-price price\"><del aria-hidden=\"true\"><span class=\"woocommerce-Price-amount amount\">139,00&nbsp;<span class=\"woocommerce-Price-currencySymbol\">&euro;<\/span><\/span><\/del> <span class=\"screen-reader-text\">Urspr\u00fcnglicher Preis war: 139,00&nbsp;&euro;<\/span><ins aria-hidden=\"true\"><span class=\"woocommerce-Price-amount amount\">99,00&nbsp;<span class=\"woocommerce-Price-currencySymbol\">&euro;<\/span><\/span><\/ins><span class=\"screen-reader-text\">Aktueller Preis ist: 99,00&nbsp;&euro;.<\/span><\/div>\n\t\t\t\t<div class=\"wc-block-grid__product-rating\"><div class=\"star-rating\" role=\"img\" aria-label=\"Bewertet mit 5.00 von 5\"><span style=\"width:100%\">Bewertet mit <strong class=\"rating\">5.00<\/strong> von 5, basierend auf <span class=\"rating\">1<\/span> Kundenbewertung<\/span><\/div><\/div>\n\t\t\t\t<div class=\"wp-block-button wc-block-grid__product-add-to-cart\"><a href=\"\/de\/wp-json\/wp\/v2\/pages\/4774?add-to-cart=4864\" aria-label=\"In den Warenkorb legen: \u201eRhino Outdoor-Messer\u201c\" data-quantity=\"1\" data-product_id=\"4864\" data-product_sku=\"\" data-price=\"99\" rel=\"nofollow\" class=\"wp-block-button__link  add_to_cart_button ajax_add_to_cart\">In den Warenkorb<\/a><\/div>\n\t\t\t<\/li><li class=\"wc-block-grid__product\">\n\t\t\t\t<a href=\"https:\/\/saintgear.shop\/de\/produkt\/tarn-rucksack\/\" class=\"wc-block-grid__product-link\">\n\t\t\t\t\t\n\t\t\t\t\t<div class=\"wc-block-grid__product-image\"><img loading=\"lazy\" decoding=\"async\" width=\"350\" height=\"350\" src=\"https:\/\/saintgear.shop\/wp-content\/uploads\/2025\/12\/security-camo-backpack-350x350.jpg\" class=\"attachment-woocommerce_thumbnail size-woocommerce_thumbnail\" alt=\"Hochwertiger, robuster und wasserdichter Rucksack mit dunklem Camo-Muster\" srcset=\"https:\/\/saintgear.shop\/wp-content\/uploads\/2025\/12\/security-camo-backpack-350x350.jpg 350w, https:\/\/saintgear.shop\/wp-content\/uploads\/2025\/12\/security-camo-backpack-300x300.jpg 300w, https:\/\/saintgear.shop\/wp-content\/uploads\/2025\/12\/security-camo-backpack-595x595.jpg 595w, https:\/\/saintgear.shop\/wp-content\/uploads\/2025\/12\/security-camo-backpack-150x150.jpg 150w, https:\/\/saintgear.shop\/wp-content\/uploads\/2025\/12\/security-camo-backpack-768x768.jpg 768w, https:\/\/saintgear.shop\/wp-content\/uploads\/2025\/12\/security-camo-backpack-1536x1536.jpg 1536w, https:\/\/saintgear.shop\/wp-content\/uploads\/2025\/12\/security-camo-backpack-380x380.jpg 380w, https:\/\/saintgear.shop\/wp-content\/uploads\/2025\/12\/security-camo-backpack-450x450.jpg 450w, https:\/\/saintgear.shop\/wp-content\/uploads\/2025\/12\/security-camo-backpack-100x100.jpg 100w, https:\/\/saintgear.shop\/wp-content\/uploads\/2025\/12\/security-camo-backpack.jpg 2000w\" sizes=\"auto, (max-width: 350px) 100vw, 350px\" \/><\/div>\n\t\t\t\t\t<div class=\"wc-block-grid__product-title\">Tarn-Rucksack<\/div>\n\t\t\t\t<\/a>\n\t\t\t\t<div class=\"wc-block-grid__product-price price\"><span class=\"woocommerce-Price-amount amount\">79,00&nbsp;<span class=\"woocommerce-Price-currencySymbol\">&euro;<\/span><\/span><\/div>\n\t\t\t\t<div class=\"wc-block-grid__product-rating\"><div class=\"star-rating\" role=\"img\" aria-label=\"Bewertet mit 5.00 von 5\"><span style=\"width:100%\">Bewertet mit <strong class=\"rating\">5.00<\/strong> von 5, basierend auf <span class=\"rating\">1<\/span> Kundenbewertung<\/span><\/div><\/div>\n\t\t\t\t<div class=\"wp-block-button wc-block-grid__product-add-to-cart\"><a href=\"\/de\/wp-json\/wp\/v2\/pages\/4774?add-to-cart=4867\" aria-label=\"In den Warenkorb legen: \u201eTarn-Rucksack\u201c\" data-quantity=\"1\" data-product_id=\"4867\" data-product_sku=\"\" data-price=\"79\" rel=\"nofollow\" class=\"wp-block-button__link  add_to_cart_button ajax_add_to_cart\">In den Warenkorb<\/a><\/div>\n\t\t\t<\/li><li class=\"wc-block-grid__product\">\n\t\t\t\t<a href=\"https:\/\/saintgear.shop\/de\/produkt\/winkel-taschenlampe\/\" class=\"wc-block-grid__product-link\">\n\t\t\t\t\t\n\t\t\t\t\t<div class=\"wc-block-grid__product-image\"><img loading=\"lazy\" decoding=\"async\" width=\"350\" height=\"350\" src=\"https:\/\/saintgear.shop\/wp-content\/uploads\/2025\/09\/tactical-angle-flashlight-350x350.jpg\" class=\"attachment-woocommerce_thumbnail size-woocommerce_thumbnail\" alt=\"Schwarze taktische Winkeltaschenlampe mit 600 Lumen, rutschfestem Griff und magnetischer Endkappe, kompaktes Design in Milit\u00e4rqualit\u00e4t f\u00fcr den Einsatz im Freien und bei Missionen.\" srcset=\"https:\/\/saintgear.shop\/wp-content\/uploads\/2025\/09\/tactical-angle-flashlight-350x350.jpg 350w, https:\/\/saintgear.shop\/wp-content\/uploads\/2025\/09\/tactical-angle-flashlight-300x300.jpg 300w, https:\/\/saintgear.shop\/wp-content\/uploads\/2025\/09\/tactical-angle-flashlight-595x595.jpg 595w, https:\/\/saintgear.shop\/wp-content\/uploads\/2025\/09\/tactical-angle-flashlight-150x150.jpg 150w, https:\/\/saintgear.shop\/wp-content\/uploads\/2025\/09\/tactical-angle-flashlight-768x768.jpg 768w, https:\/\/saintgear.shop\/wp-content\/uploads\/2025\/09\/tactical-angle-flashlight-380x380.jpg 380w, https:\/\/saintgear.shop\/wp-content\/uploads\/2025\/09\/tactical-angle-flashlight-450x450.jpg 450w, https:\/\/saintgear.shop\/wp-content\/uploads\/2025\/09\/tactical-angle-flashlight-100x100.jpg 100w, https:\/\/saintgear.shop\/wp-content\/uploads\/2025\/09\/tactical-angle-flashlight.jpg 1200w\" sizes=\"auto, (max-width: 350px) 100vw, 350px\" \/><\/div>\n\t\t\t\t\t<div class=\"wc-block-grid__product-title\">Winkel-Taschenlampe<\/div>\n\t\t\t\t<\/a>\n\t\t\t\t<div class=\"wc-block-grid__product-price price\"><span class=\"woocommerce-Price-amount amount\">59,00&nbsp;<span class=\"woocommerce-Price-currencySymbol\">&euro;<\/span><\/span><\/div>\n\t\t\t\t<div class=\"wc-block-grid__product-rating\"><div class=\"star-rating\" role=\"img\" aria-label=\"Bewertet mit 5.00 von 5\"><span style=\"width:100%\">Bewertet mit <strong class=\"rating\">5.00<\/strong> von 5, basierend auf <span class=\"rating\">1<\/span> Kundenbewertung<\/span><\/div><\/div>\n\t\t\t\t<div class=\"wp-block-button wc-block-grid__product-add-to-cart\"><a href=\"https:\/\/saintgear.shop\/de\/produkt\/winkel-taschenlampe\/\" aria-label=\"Lese mehr \u00fcber &#8222;Winkel-Taschenlampe&#8220;\" data-quantity=\"1\" data-product_id=\"4863\" data-product_sku=\"\" data-price=\"59\" rel=\"nofollow\" class=\"wp-block-button__link  add_to_cart_button\">Weiterlesen<\/a><\/div>\n\t\t\t<\/li><li class=\"wc-block-grid__product\">\n\t\t\t\t<a href=\"https:\/\/saintgear.shop\/de\/produkt\/auto-lock-karabinerhaken\/\" class=\"wc-block-grid__product-link\">\n\t\t\t\t\t\n\t\t\t\t\t<div class=\"wc-block-grid__product-image\"><img loading=\"lazy\" decoding=\"async\" width=\"350\" height=\"350\" src=\"https:\/\/saintgear.shop\/wp-content\/uploads\/2025\/09\/carabiner-with-auto-twist-lock-350x350.jpg\" class=\"attachment-woocommerce_thumbnail size-woocommerce_thumbnail\" alt=\"Karabiner zum Klettern, zur Rettung und zur taktischen Ladungssicherung\" srcset=\"https:\/\/saintgear.shop\/wp-content\/uploads\/2025\/09\/carabiner-with-auto-twist-lock-350x350.jpg 350w, https:\/\/saintgear.shop\/wp-content\/uploads\/2025\/09\/carabiner-with-auto-twist-lock-300x300.jpg 300w, https:\/\/saintgear.shop\/wp-content\/uploads\/2025\/09\/carabiner-with-auto-twist-lock-595x595.jpg 595w, https:\/\/saintgear.shop\/wp-content\/uploads\/2025\/09\/carabiner-with-auto-twist-lock-150x150.jpg 150w, https:\/\/saintgear.shop\/wp-content\/uploads\/2025\/09\/carabiner-with-auto-twist-lock-768x768.jpg 768w, https:\/\/saintgear.shop\/wp-content\/uploads\/2025\/09\/carabiner-with-auto-twist-lock-380x380.jpg 380w, https:\/\/saintgear.shop\/wp-content\/uploads\/2025\/09\/carabiner-with-auto-twist-lock-450x450.jpg 450w, https:\/\/saintgear.shop\/wp-content\/uploads\/2025\/09\/carabiner-with-auto-twist-lock-100x100.jpg 100w, https:\/\/saintgear.shop\/wp-content\/uploads\/2025\/09\/carabiner-with-auto-twist-lock.jpg 1200w\" sizes=\"auto, (max-width: 350px) 100vw, 350px\" \/><\/div>\n\t\t\t\t\t<div class=\"wc-block-grid__product-title\">Twist-Lock Karabiner<\/div>\n\t\t\t\t<\/a>\n\t\t\t\t<div class=\"wc-block-grid__product-price price\"><span class=\"woocommerce-Price-amount amount\">19,00&nbsp;<span class=\"woocommerce-Price-currencySymbol\">&euro;<\/span><\/span><\/div>\n\t\t\t\t<div class=\"wc-block-grid__product-rating\"><div class=\"star-rating\" role=\"img\" aria-label=\"Bewertet mit 5.00 von 5\"><span style=\"width:100%\">Bewertet mit <strong class=\"rating\">5.00<\/strong> von 5, basierend auf <span class=\"rating\">1<\/span> Kundenbewertung<\/span><\/div><\/div>\n\t\t\t\t<div class=\"wp-block-button wc-block-grid__product-add-to-cart\"><a href=\"\/de\/wp-json\/wp\/v2\/pages\/4774?add-to-cart=4865\" aria-label=\"In den Warenkorb legen: \u201eTwist-Lock Karabiner\u201c\" data-quantity=\"1\" data-product_id=\"4865\" data-product_sku=\"\" data-price=\"19\" rel=\"nofollow\" class=\"wp-block-button__link  add_to_cart_button ajax_add_to_cart\">In den Warenkorb<\/a><\/div>\n\t\t\t<\/li><\/ul><\/div><\/div>\n<\/div>\n","protected":false},"excerpt":{"rendered":"Bist du vielleicht interessiert an&nbsp;&hellip; Dein Warenkorb ist gerade leer! Neu im Shop","protected":false},"author":1,"featured_media":0,"parent":0,"menu_order":0,"comment_status":"closed","ping_status":"closed","template":"page-shopping-cart.php","meta":{"_acf_changed":false,"footnotes":""},"class_list":["post-4774","page","type-page","status-publish","hentry"],"acf":[],"yoast_head":"<!-- This site is optimized with the Yoast SEO plugin v27.5 - https:\/\/yoast.com\/product\/yoast-seo-wordpress\/ -->\n<title>Warenkorb &#8212; SAINT GEAR<\/title>\n<meta name=\"robots\" content=\"index, follow, max-snippet:-1, max-image-preview:large, max-video-preview:-1\" \/>\n<link rel=\"canonical\" href=\"https:\/\/saintgear.shop\/de\/warenkorb\/\" \/>\n<meta property=\"og:locale\" content=\"de_DE\" \/>\n<meta property=\"og:type\" content=\"article\" \/>\n<meta property=\"og:title\" content=\"Warenkorb &#8212; SAINT GEAR\" \/>\n<meta property=\"og:url\" content=\"https:\/\/saintgear.shop\/de\/warenkorb\/\" \/>\n<meta property=\"og:site_name\" content=\"SAINT GEAR\" \/>\n<meta property=\"article:modified_time\" content=\"2025-12-30T12:22:52+00:00\" \/>\n<meta property=\"og:image\" content=\"https:\/\/saintgear.shop\/wp-content\/uploads\/2025\/09\/saint-gear_website-logo.jpg\" \/>\n\t<meta property=\"og:image:width\" content=\"1200\" \/>\n\t<meta property=\"og:image:height\" content=\"675\" \/>\n\t<meta property=\"og:image:type\" content=\"image\/jpeg\" \/>\n<meta name=\"twitter:card\" content=\"summary_large_image\" \/>\n<script type=\"application\/ld+json\" class=\"yoast-schema-graph\">{\"@context\":\"https:\\\/\\\/schema.org\",\"@graph\":[{\"@type\":\"WebPage\",\"@id\":\"https:\\\/\\\/saintgear.shop\\\/de\\\/warenkorb\\\/\",\"url\":\"https:\\\/\\\/saintgear.shop\\\/de\\\/warenkorb\\\/\",\"name\":\"Warenkorb &#8212; SAINT GEAR\",\"isPartOf\":{\"@id\":\"https:\\\/\\\/saintgear.shop\\\/de\\\/#website\"},\"datePublished\":\"2017-09-27T15:17:24+00:00\",\"dateModified\":\"2025-12-30T12:22:52+00:00\",\"breadcrumb\":{\"@id\":\"https:\\\/\\\/saintgear.shop\\\/de\\\/warenkorb\\\/#breadcrumb\"},\"inLanguage\":\"de\",\"potentialAction\":[{\"@type\":\"ReadAction\",\"target\":[\"https:\\\/\\\/saintgear.shop\\\/de\\\/warenkorb\\\/\"]}]},{\"@type\":\"BreadcrumbList\",\"@id\":\"https:\\\/\\\/saintgear.shop\\\/de\\\/warenkorb\\\/#breadcrumb\",\"itemListElement\":[{\"@type\":\"ListItem\",\"position\":1,\"name\":\"Home\",\"item\":\"https:\\\/\\\/saintgear.shop\\\/de\\\/home\\\/\"},{\"@type\":\"ListItem\",\"position\":2,\"name\":\"Warenkorb\"}]},{\"@type\":\"WebSite\",\"@id\":\"https:\\\/\\\/saintgear.shop\\\/de\\\/#website\",\"url\":\"https:\\\/\\\/saintgear.shop\\\/de\\\/\",\"name\":\"SAINT GEAR\",\"description\":\"EQUIPPED FOR THE MISSION\",\"publisher\":{\"@id\":\"https:\\\/\\\/saintgear.shop\\\/de\\\/#organization\"},\"potentialAction\":[{\"@type\":\"SearchAction\",\"target\":{\"@type\":\"EntryPoint\",\"urlTemplate\":\"https:\\\/\\\/saintgear.shop\\\/de\\\/?s={search_term_string}\"},\"query-input\":{\"@type\":\"PropertyValueSpecification\",\"valueRequired\":true,\"valueName\":\"search_term_string\"}}],\"inLanguage\":\"de\"},{\"@type\":\"Organization\",\"@id\":\"https:\\\/\\\/saintgear.shop\\\/de\\\/#organization\",\"name\":\"SAINT GEAR\",\"url\":\"https:\\\/\\\/saintgear.shop\\\/de\\\/\",\"logo\":{\"@type\":\"ImageObject\",\"inLanguage\":\"de\",\"@id\":\"https:\\\/\\\/saintgear.shop\\\/de\\\/#\\\/schema\\\/logo\\\/image\\\/\",\"url\":\"https:\\\/\\\/saintgear.shop\\\/wp-content\\\/uploads\\\/2025\\\/09\\\/saint-gear_website-logo_small.jpg\",\"contentUrl\":\"https:\\\/\\\/saintgear.shop\\\/wp-content\\\/uploads\\\/2025\\\/09\\\/saint-gear_website-logo_small.jpg\",\"width\":696,\"height\":696,\"caption\":\"SAINT GEAR\"},\"image\":{\"@id\":\"https:\\\/\\\/saintgear.shop\\\/de\\\/#\\\/schema\\\/logo\\\/image\\\/\"}}]}<\/script>\n<!-- \/ Yoast SEO plugin. -->","yoast_head_json":{"title":"Warenkorb &#8212; SAINT GEAR","robots":{"index":"index","follow":"follow","max-snippet":"max-snippet:-1","max-image-preview":"max-image-preview:large","max-video-preview":"max-video-preview:-1"},"canonical":"https:\/\/saintgear.shop\/de\/warenkorb\/","og_locale":"de_DE","og_type":"article","og_title":"Warenkorb &#8212; SAINT GEAR","og_url":"https:\/\/saintgear.shop\/de\/warenkorb\/","og_site_name":"SAINT GEAR","article_modified_time":"2025-12-30T12:22:52+00:00","og_image":[{"width":1200,"height":675,"url":"https:\/\/saintgear.shop\/wp-content\/uploads\/2025\/09\/saint-gear_website-logo.jpg","type":"image\/jpeg"}],"twitter_card":"summary_large_image","schema":{"@context":"https:\/\/schema.org","@graph":[{"@type":"WebPage","@id":"https:\/\/saintgear.shop\/de\/warenkorb\/","url":"https:\/\/saintgear.shop\/de\/warenkorb\/","name":"Warenkorb &#8212; SAINT GEAR","isPartOf":{"@id":"https:\/\/saintgear.shop\/de\/#website"},"datePublished":"2017-09-27T15:17:24+00:00","dateModified":"2025-12-30T12:22:52+00:00","breadcrumb":{"@id":"https:\/\/saintgear.shop\/de\/warenkorb\/#breadcrumb"},"inLanguage":"de","potentialAction":[{"@type":"ReadAction","target":["https:\/\/saintgear.shop\/de\/warenkorb\/"]}]},{"@type":"BreadcrumbList","@id":"https:\/\/saintgear.shop\/de\/warenkorb\/#breadcrumb","itemListElement":[{"@type":"ListItem","position":1,"name":"Home","item":"https:\/\/saintgear.shop\/de\/home\/"},{"@type":"ListItem","position":2,"name":"Warenkorb"}]},{"@type":"WebSite","@id":"https:\/\/saintgear.shop\/de\/#website","url":"https:\/\/saintgear.shop\/de\/","name":"SAINT GEAR","description":"EQUIPPED FOR THE MISSION","publisher":{"@id":"https:\/\/saintgear.shop\/de\/#organization"},"potentialAction":[{"@type":"SearchAction","target":{"@type":"EntryPoint","urlTemplate":"https:\/\/saintgear.shop\/de\/?s={search_term_string}"},"query-input":{"@type":"PropertyValueSpecification","valueRequired":true,"valueName":"search_term_string"}}],"inLanguage":"de"},{"@type":"Organization","@id":"https:\/\/saintgear.shop\/de\/#organization","name":"SAINT GEAR","url":"https:\/\/saintgear.shop\/de\/","logo":{"@type":"ImageObject","inLanguage":"de","@id":"https:\/\/saintgear.shop\/de\/#\/schema\/logo\/image\/","url":"https:\/\/saintgear.shop\/wp-content\/uploads\/2025\/09\/saint-gear_website-logo_small.jpg","contentUrl":"https:\/\/saintgear.shop\/wp-content\/uploads\/2025\/09\/saint-gear_website-logo_small.jpg","width":696,"height":696,"caption":"SAINT GEAR"},"image":{"@id":"https:\/\/saintgear.shop\/de\/#\/schema\/logo\/image\/"}}]}},"_links":{"self":[{"href":"https:\/\/saintgear.shop\/de\/wp-json\/wp\/v2\/pages\/4774","targetHints":{"allow":["GET"]}}],"collection":[{"href":"https:\/\/saintgear.shop\/de\/wp-json\/wp\/v2\/pages"}],"about":[{"href":"https:\/\/saintgear.shop\/de\/wp-json\/wp\/v2\/types\/page"}],"author":[{"embeddable":true,"href":"https:\/\/saintgear.shop\/de\/wp-json\/wp\/v2\/users\/1"}],"replies":[{"embeddable":true,"href":"https:\/\/saintgear.shop\/de\/wp-json\/wp\/v2\/comments?post=4774"}],"version-history":[{"count":0,"href":"https:\/\/saintgear.shop\/de\/wp-json\/wp\/v2\/pages\/4774\/revisions"}],"wp:attachment":[{"href":"https:\/\/saintgear.shop\/de\/wp-json\/wp\/v2\/media?parent=4774"}],"curies":[{"name":"wp","href":"https:\/\/api.w.org\/{rel}","templated":true}]}}